{"id":977,"date":"2022-05-01T16:26:51","date_gmt":"2022-05-01T14:26:51","guid":{"rendered":"https:\/\/zopadesign.com\/?page_id=977"},"modified":"2023-05-25T16:00:18","modified_gmt":"2023-05-25T14:00:18","slug":"gdpr","status":"publish","type":"page","link":"https:\/\/zopadesign.com\/sk\/gdpr\/","title":{"rendered":"GDPR"},"content":{"rendered":"<div data-elementor-type=\"wp-page\" data-elementor-id=\"977\" class=\"elementor elementor-977\" data-elementor-post-type=\"page\">\n\t\t\t\t\t\t<section class=\"elementor-section elementor-top-section elementor-element elementor-element-2d0638a2 elementor-section-boxed elementor-section-height-default elementor-section-height-default\" data-id=\"2d0638a2\" data-element_type=\"section\" data-settings=\"{&quot;background_background&quot;:&quot;classic&quot;}\">\n\t\t\t\t\t\t\t<div class=\"elementor-background-overlay\"><\/div>\n\t\t\t\t\t\t\t<div class=\"elementor-container elementor-column-gap-default\">\n\t\t\t\t\t<div class=\"elementor-column elementor-col-100 elementor-top-column elementor-element elementor-element-5340a97c\" data-id=\"5340a97c\" data-element_type=\"column\">\n\t\t\t<div class=\"elementor-widget-wrap elementor-element-populated\">\n\t\t\t\t\t\t<div class=\"elementor-element elementor-element-36d81985 elementor-widget elementor-widget-heading\" data-id=\"36d81985\" data-element_type=\"widget\" data-widget_type=\"heading.default\">\n\t\t\t\t<div class=\"elementor-widget-container\">\n\t\t\t\t\t<h1 class=\"elementor-heading-title elementor-size-default\">GDPR<\/h1>\t\t\t\t<\/div>\n\t\t\t\t<\/div>\n\t\t\t\t\t<\/div>\n\t\t<\/div>\n\t\t\t\t\t<\/div>\n\t\t<\/section>\n\t\t\t\t<section class=\"elementor-section elementor-top-section elementor-element elementor-element-0fb3057 elementor-section-boxed elementor-section-height-default elementor-section-height-default\" data-id=\"0fb3057\" data-element_type=\"section\">\n\t\t\t\t\t\t<div class=\"elementor-container elementor-column-gap-default\">\n\t\t\t\t\t<div class=\"elementor-column elementor-col-100 elementor-top-column elementor-element elementor-element-2ca7015\" data-id=\"2ca7015\" data-element_type=\"column\">\n\t\t\t<div class=\"elementor-widget-wrap elementor-element-populated\">\n\t\t\t\t\t\t<div class=\"elementor-element elementor-element-15b0966 elementor-widget elementor-widget-text-editor\" data-id=\"15b0966\" data-element_type=\"widget\" data-widget_type=\"text-editor.default\">\n\t\t\t\t<div class=\"elementor-widget-container\">\n\t\t\t\t\t\t\t\t\t<p><b>Souhlas ud\u011blujete spole\u010dnosti<\/b><span style=\"font-weight: 400;\"><br>\n<\/span><span style=\"font-weight: 400;\">ZOPA design s.r.o., Z\u00e1h\u0159ebsk\u00e1 562\/41,&nbsp;120 00 Praha, I\u010c: 17735467, zapsan\u00e1 ve<\/span><span style=\"font-weight: 400;\"><br>\n<\/span><span style=\"font-weight: 400;\">ve\u0159ejn\u00e9m rejst\u0159\u00edku veden\u00e9m u Krajsk\u00e9ho soudu v Praze, odd\u00edl C, vlo\u017eka 375819.<\/span><\/p>\n<p class=\"translation-block\"><b>Zpracov\u00e1v\u00e1me tyto osobn\u00ed \u00fadaje ve smyslu na\u0159\u00edzen\u00ed Evropsk\u00e9ho parlamentu a Rady<\/b><span style=\"font-weight: 400;\"><br>\r\n<\/span><b>(EU) \u010d. 2016\/679 o ochran\u011b fyzick\u00fdch osob v souvislosti se zpracov\u00e1n\u00edm osobn\u00edch<\/b><span style=\"font-weight: 400;\"><br>\r\n<\/span><b>\u00fadaj\u016f a o voln\u00e9m pohybu t\u011bchto \u00fadaj\u016f a o zru\u0161en\u00ed sm\u011brnice 95\/46\/ES (obecn\u00e9 na\u0159\u00edzen\u00ed<\/b><span style=\"font-weight: 400;\"><br>\r\n<\/span><b>o ochran\u011b osobn\u00edch \u00fadaj\u016f) (d\u00e1le jen \u201eNa\u0159\u00edzen\u00ed\u201c)<\/b><span style=\"font-weight: 400;\"><br>\r\n<\/span><span style=\"font-weight: 400;\">\u2013 e-mail<\/span><span style=\"font-weight: 400;\"><br>\r\n<\/span><span style=\"font-weight: 400;\">\u2013 jm\u00e9no<\/span><\/p>\n<p><b>Pro\u010d tyto osobn\u00ed \u00fadaje zpracov\u00e1v\u00e1me a jak dlouho<\/b><span style=\"font-weight: 400;\"><br>\n<\/span><span style=\"font-weight: 400;\">E-mail zpracov\u00e1v\u00e1me za \u00fa\u010delem zas\u00edl\u00e1n\u00ed newsletter\u016f t\u00fdkaj\u00edc\u00edch se informac\u00ed o na\u0161ich<\/span><span style=\"font-weight: 400;\"><br>\n<\/span><b>produktov\u00fdch \u0159ad\u00e1ch , akc\u00edch, slev\u00e1ch<\/b><span style=\"font-weight: 400;\">&nbsp;a dal\u0161\u00edch novink\u00e1ch ze \u017eivota firmy&nbsp;<\/span>ZOPA design s.r.o.,<span style=\"font-weight: 400;\">&nbsp;a<\/span><span style=\"font-weight: 400;\"><br>\n<\/span><span style=\"font-weight: 400;\">v\u0161ech jej\u00edch zna\u010dek. Tyto e-maily budeme zas\u00edlat max. 1x do m\u011bs\u00edce po dobu 3 let. Po<\/span><span style=\"font-weight: 400;\"><br>\n<\/span><span style=\"font-weight: 400;\">uplynut\u00ed t\u00e9to doby se V\u00e1s na V\u00e1\u0161 souhlas zept\u00e1me znovu. Kdy\u017e n\u00e1m pak sv\u016fj dal\u0161\u00ed z\u00e1jem<\/span><span style=\"font-weight: 400;\"><br>\n<\/span><span style=\"font-weight: 400;\">nepotvrd\u00edte, Va\u0161i adresu prost\u011b vyma\u017eeme.<\/span><\/p>\n<p class=\"translation-block\"><b>Sv\u016fj souhlas m\u016f\u017eete kdykoliv odvolat<\/b><span style=\"font-weight: 400;\"><br>\r\n<\/span><span style=\"font-weight: 400;\">S v\u00fd\u0161e uveden\u00fdm zpracov\u00e1n\u00edm ud\u011blujete sv\u016fj v\u00fdslovn\u00fd souhlas. Poskytnut\u00ed osobn\u00edch \u00fadaj\u016f<\/span><span style=\"font-weight: 400;\"><br>\r\n<\/span><span style=\"font-weight: 400;\">je dobrovoln\u00e9. Souhlas lze vz\u00edt kdykoliv zp\u011bt, a to nap\u0159\u00edklad zasl\u00e1n\u00edm emailu na adresu<\/span><span style=\"font-weight: 400;\"><br>\r\n<\/span><span style=\"font-weight: 400;\">info@zopadesign.com nebo kliknut\u00edm na ozna\u010den\u00e9 pol\u00ed\u010dko na konci ka\u017ed\u00e9ho newsletteru.<\/span><\/p>\n<p class=\"translation-block\"><b>Jak\u00e9 pou\u017e\u00edv\u00e1me zpracovatele ke zpracov\u00e1n\u00ed osobn\u00edch \u00fadaj\u016f<\/b><span style=\"font-weight: 400;\"><br>\r\n<\/span><span style=\"font-weight: 400;\">\u2013 poskytovatel webov\u00fdch str\u00e1nek<\/span><span style=\"font-weight: 400;\"><br>\r\n<\/span><span style=\"font-weight: 400;\">\u2013 poskytovatel hostingov\u00fdch slu\u017eeb<\/span><\/p>\n<p class=\"translation-block\"><b>Vezm\u011bte, pros\u00edm, na v\u011bdom\u00ed, \u017ee podle na\u0159\u00edzen\u00ed m\u00e1te pr\u00e1vo:<\/b><span style=\"font-weight: 400;\"><br>\r\n<\/span><span style=\"font-weight: 400;\">\u2013 vz\u00edt souhlas kdykoliv zp\u011bt,<\/span><span style=\"font-weight: 400;\"><br>\r\n<\/span><span style=\"font-weight: 400;\">\u2013 po\u017eadovat po n\u00e1s informaci, jak\u00e9 va\u0161e osobn\u00ed \u00fadaje zpracov\u00e1v\u00e1me,<\/span><span style=\"font-weight: 400;\"><br>\r\n<\/span><span style=\"font-weight: 400;\">\u2013 po\u017eadovat kopii zpracov\u00e1van\u00fdch osobn\u00edch \u00fadaj\u016f,<\/span><span style=\"font-weight: 400;\"><br>\r\n<\/span><span style=\"font-weight: 400;\">\u2013 vy\u017e\u00e1dat si u n\u00e1s p\u0159\u00edstup k t\u011bmto \u00fadaj\u016fm a tyto nechat aktualizovat nebo opravit,<\/span><span style=\"font-weight: 400;\"><br>\r\n<\/span><span style=\"font-weight: 400;\">pop\u0159\u00edpad\u011b po\u017eadovat omezen\u00ed zpracov\u00e1n\u00ed,<\/span><span style=\"font-weight: 400;\"><br>\r\n<\/span><span style=\"font-weight: 400;\">\u2013 po\u017eadovat po n\u00e1s v\u00fdmaz t\u011bchto osobn\u00edch \u00fadaj\u016f,<\/span><span style=\"font-weight: 400;\"><br>\r\n<\/span><span style=\"font-weight: 400;\">\u2013 na p\u0159enositelnost \u00fadaj\u016f,<\/span><span style=\"font-weight: 400;\"><br>\r\n<\/span><span style=\"font-weight: 400;\">\u2013 v p\u0159\u00edpad\u011b pochybnost\u00ed o z\u00e1konn\u00e9m zpracov\u00e1n\u00ed osobn\u00edch \u00fadaj\u016f podat st\u00ed\u017enost u<\/span><span style=\"font-weight: 400;\"><br>\r\n<\/span><span style=\"font-weight: 400;\">\u00da\u0159adu pro ochranu osobn\u00edch \u00fadaj\u016f.<\/span><\/p>\t\t\t\t\t\t\t\t<\/div>\n\t\t\t\t<\/div>\n\t\t\t\t\t<\/div>\n\t\t<\/div>\n\t\t\t\t\t<\/div>\n\t\t<\/section>\n\t\t\t\t<\/div>","protected":false},"excerpt":{"rendered":"<p>GDPR Souhlas ud\u011blujete spole\u010dnosti ZOPA design s.r.o., Z\u00e1h\u0159ebsk\u00e1 562\/41,&nbsp;120 00 Praha, I\u010c: 17735467, zapsan\u00e1 ve ve\u0159ejn\u00e9m rejst\u0159\u00edku veden\u00e9m u Krajsk\u00e9ho soudu v Praze, odd\u00edl C, vlo\u017eka 375819. Zpracov\u00e1v\u00e1me tyto osobn\u00ed \u00fadaje ve smyslu na\u0159\u00edzen\u00ed Evropsk\u00e9ho parlamentu a Rady (EU) \u010d. 2016\/679 o ochran\u011b fyzick\u00fdch osob v souvislosti se zpracov\u00e1n\u00edm osobn\u00edch \u00fadaj\u016f a o voln\u00e9m pohybu [&hellip;]<\/p>\n","protected":false},"author":1,"featured_media":0,"parent":0,"menu_order":0,"comment_status":"closed","ping_status":"closed","template":"","meta":{"_acf_changed":false,"footnotes":""},"class_list":["post-977","page","type-page","status-publish","hentry"],"acf":[],"_links":{"self":[{"href":"https:\/\/zopadesign.com\/sk\/wp-json\/wp\/v2\/pages\/977","targetHints":{"allow":["GET"]}}],"collection":[{"href":"https:\/\/zopadesign.com\/sk\/wp-json\/wp\/v2\/pages"}],"about":[{"href":"https:\/\/zopadesign.com\/sk\/wp-json\/wp\/v2\/types\/page"}],"author":[{"embeddable":true,"href":"https:\/\/zopadesign.com\/sk\/wp-json\/wp\/v2\/users\/1"}],"replies":[{"embeddable":true,"href":"https:\/\/zopadesign.com\/sk\/wp-json\/wp\/v2\/comments?post=977"}],"version-history":[{"count":16,"href":"https:\/\/zopadesign.com\/sk\/wp-json\/wp\/v2\/pages\/977\/revisions"}],"predecessor-version":[{"id":6648,"href":"https:\/\/zopadesign.com\/sk\/wp-json\/wp\/v2\/pages\/977\/revisions\/6648"}],"wp:attachment":[{"href":"https:\/\/zopadesign.com\/sk\/wp-json\/wp\/v2\/media?parent=977"}],"curies":[{"name":"wp","href":"https:\/\/api.w.org\/{rel}","templated":true}]}}