{"id":972,"date":"2022-05-01T16:19:39","date_gmt":"2022-05-01T14:19:39","guid":{"rendered":"https:\/\/zopadesign.com\/?page_id=972"},"modified":"2023-07-03T11:22:55","modified_gmt":"2023-07-03T09:22:55","slug":"tehotenstvi","status":"publish","type":"page","link":"https:\/\/zopadesign.com\/sk\/tehotenstvi\/","title":{"rendered":"T\u011bhotenstv\u00ed"},"content":{"rendered":"<div data-elementor-type=\"wp-page\" data-elementor-id=\"972\" class=\"elementor elementor-972\" data-elementor-post-type=\"page\">\n\t\t\t\t\t\t<section class=\"elementor-section elementor-top-section elementor-element elementor-element-072f88e elementor-section-boxed elementor-section-height-default elementor-section-height-default\" data-id=\"072f88e\" data-element_type=\"section\" data-settings=\"{&quot;background_background&quot;:&quot;classic&quot;}\">\n\t\t\t\t\t\t\t<div class=\"elementor-background-overlay\"><\/div>\n\t\t\t\t\t\t\t<div class=\"elementor-container elementor-column-gap-default\">\n\t\t\t\t\t<div class=\"elementor-column elementor-col-100 elementor-top-column elementor-element elementor-element-f30175e\" data-id=\"f30175e\" data-element_type=\"column\">\n\t\t\t<div class=\"elementor-widget-wrap elementor-element-populated\">\n\t\t\t\t\t\t<div class=\"elementor-element elementor-element-c39c285 elementor-widget elementor-widget-heading\" data-id=\"c39c285\" data-element_type=\"widget\" data-widget_type=\"heading.default\">\n\t\t\t\t<div class=\"elementor-widget-container\">\n\t\t\t\t\t<h1 class=\"elementor-heading-title elementor-size-default\">T\u011bhotenstv\u00ed<\/h1>\t\t\t\t<\/div>\n\t\t\t\t<\/div>\n\t\t\t\t\t<\/div>\n\t\t<\/div>\n\t\t\t\t\t<\/div>\n\t\t<\/section>\n\t\t\t\t<section class=\"elementor-section elementor-top-section elementor-element elementor-element-2bec5c9 elementor-section-boxed elementor-section-height-default elementor-section-height-default\" data-id=\"2bec5c9\" data-element_type=\"section\">\n\t\t\t\t\t\t<div class=\"elementor-container elementor-column-gap-default\">\n\t\t\t\t\t<div class=\"elementor-column elementor-col-50 elementor-top-column elementor-element elementor-element-abcada9\" data-id=\"abcada9\" data-element_type=\"column\" data-settings=\"{&quot;background_background&quot;:&quot;classic&quot;}\">\n\t\t\t<div class=\"elementor-widget-wrap elementor-element-populated\">\n\t\t\t\t\t\t<div class=\"elementor-element elementor-element-a35ed19 elementor-widget elementor-widget-heading\" data-id=\"a35ed19\" data-element_type=\"widget\" data-widget_type=\"heading.default\">\n\t\t\t\t<div class=\"elementor-widget-container\">\n\t\t\t\t\t<h3 class=\"elementor-heading-title elementor-size-default\">Kateg\u00f3rie<\/h3>\t\t\t\t<\/div>\n\t\t\t\t<\/div>\n\t\t\t\t<div class=\"elementor-element elementor-element-13dfd98 elementor-widget elementor-widget-zopa-blog-categories\" data-id=\"13dfd98\" data-element_type=\"widget\" data-widget_type=\"zopa-blog-categories.default\">\n\t\t\t\t<div class=\"elementor-widget-container\">\n\t\t\t\t\t<a href=\"https:\/\/zopadesign.com\/sk\/blog\/\" class=\"zp-blogCategoryLink\">V\u0161etky \u010dl\u00e1nky<\/a><a href=\"https:\/\/zopadesign.com\/sk\/aktuality\/\" class=\"zp-blogCategoryLink\">Aktuality<\/a><a href=\"https:\/\/zopadesign.com\/sk\/baby-toddler\/\" class=\"zp-blogCategoryLink\">Bato\u013ea<\/a><a href=\"https:\/\/zopadesign.com\/sk\/die%c5%a5a\/\" class=\"zp-blogCategoryLink\">Die\u0165a<\/a><a href=\"https:\/\/zopadesign.com\/sk\/kojenec\/\" class=\"zp-blogCategoryLink\">Kojenec<\/a><a href=\"https:\/\/zopadesign.com\/sk\/tehotenstvi\/\" class=\"active zp-blogCategoryLink\">T\u011bhotenstv\u00ed<\/a>\t\t\t\t<\/div>\n\t\t\t\t<\/div>\n\t\t\t\t\t<\/div>\n\t\t<\/div>\n\t\t\t\t<div class=\"elementor-column elementor-col-50 elementor-top-column elementor-element elementor-element-afc0ed6\" data-id=\"afc0ed6\" data-element_type=\"column\">\n\t\t\t<div class=\"elementor-widget-wrap elementor-element-populated\">\n\t\t\t\t\t\t<div class=\"elementor-element elementor-element-ae6e6d0 elementor-grid-3 elementor-grid-tablet-2 elementor-grid-mobile-1 elementor-posts--thumbnail-top elementor-card-shadow-yes elementor-posts__hover-gradient elementor-widget elementor-widget-posts\" data-id=\"ae6e6d0\" data-element_type=\"widget\" data-settings=\"{&quot;cards_masonry&quot;:&quot;yes&quot;,&quot;cards_row_gap&quot;:{&quot;unit&quot;:&quot;px&quot;,&quot;size&quot;:20,&quot;sizes&quot;:[]},&quot;pagination_type&quot;:&quot;numbers&quot;,&quot;cards_columns&quot;:&quot;3&quot;,&quot;cards_columns_tablet&quot;:&quot;2&quot;,&quot;cards_columns_mobile&quot;:&quot;1&quot;,&quot;cards_row_gap_tablet&quot;:{&quot;unit&quot;:&quot;px&quot;,&quot;size&quot;:&quot;&quot;,&quot;sizes&quot;:[]},&quot;cards_row_gap_mobile&quot;:{&quot;unit&quot;:&quot;px&quot;,&quot;size&quot;:&quot;&quot;,&quot;sizes&quot;:[]}}\" data-widget_type=\"posts.cards\">\n\t\t\t\t<div class=\"elementor-widget-container\">\n\t\t\t\t\t\t\t<div class=\"elementor-posts-container elementor-posts elementor-posts--skin-cards elementor-grid\" role=\"list\">\n\t\t\t\t<article class=\"elementor-post elementor-grid-item post-10793 post type-post status-publish format-standard has-post-thumbnail hentry category-kojenec category-tehotenstvi\" role=\"listitem\">\n\t\t\t<div class=\"elementor-post__card\">\n\t\t\t\t<a class=\"elementor-post__thumbnail__link\" href=\"https:\/\/zopadesign.com\/sk\/blog\/co-nesmi-chybet-ve-vybavicce-pro-novorozene-miminko\/\" tabindex=\"-1\" ><div class=\"elementor-post__thumbnail\"><img fetchpriority=\"high\" decoding=\"async\" width=\"500\" height=\"500\" src=\"https:\/\/zopadesign.com\/wp-content\/uploads\/2024\/10\/vybavicka_pro_novorozene_miminko-500x500.jpg\" class=\"attachment-thumbnail size-thumbnail wp-image-10794\" alt=\"\" \/><\/div><\/a>\n\t\t\t\t<div class=\"elementor-post__text\">\n\t\t\t\t<div class=\"elementor-post__title\">\n\t\t\t<a href=\"https:\/\/zopadesign.com\/sk\/blog\/co-nesmi-chybet-ve-vybavicce-pro-novorozene-miminko\/\" >\n\t\t\t\tCo nesm\u00ed chyb\u011bt ve v\u00fdbavi\u010dce pro novorozen\u00e9 miminko\t\t\t<\/a>\n\t\t<\/div>\n\t\t\t\t<div class=\"elementor-post__excerpt\">\n\t\t\t<p>P\u0159\u00edchod nov\u00e9ho \u010dlena rodiny je pln\u00fd radosti a o\u010dek\u00e1v\u00e1n\u00ed, kter\u00fd nav\u017edy zm\u011bn\u00ed v\u00e1\u0161 sv\u011bt. P\u0159esto\u017ee<\/p>\n\t\t<\/div>\n\t\t\n\t\t<a class=\"elementor-post__read-more\" href=\"https:\/\/zopadesign.com\/sk\/blog\/co-nesmi-chybet-ve-vybavicce-pro-novorozene-miminko\/\" aria-label=\"Read more about Co nesm\u00ed chyb\u011bt ve v\u00fdbavi\u010dce pro novorozen\u00e9 miminko\" tabindex=\"-1\" >\n\t\t\tZobrazi\u0165 \u010dl\u00e1nok <i aria-hidden=\"true\" class=\"fas fa-angle-right\"><\/i>\t\t<\/a>\n\n\t\t\t\t<\/div>\n\t\t\t\t\t<\/div>\n\t\t<\/article>\n\t\t\t\t<\/div>\n\t\t\n\t\t\t\t\t\t<\/div>\n\t\t\t\t<\/div>\n\t\t\t\t\t<\/div>\n\t\t<\/div>\n\t\t\t\t\t<\/div>\n\t\t<\/section>\n\t\t\t\t<\/div>","protected":false},"excerpt":{"rendered":"<p>T\u011bhotenstv\u00ed Kategorie V\u0161echny \u010dl\u00e1nkyAktualityBatoleD\u00edt\u011bKojenecT\u011bhotenstv\u00ed<\/p>","protected":false},"author":1,"featured_media":0,"parent":0,"menu_order":0,"comment_status":"closed","ping_status":"closed","template":"","meta":{"_acf_changed":false,"footnotes":""},"class_list":["post-972","page","type-page","status-publish","hentry"],"acf":[],"_links":{"self":[{"href":"https:\/\/zopadesign.com\/sk\/wp-json\/wp\/v2\/pages\/972","targetHints":{"allow":["GET"]}}],"collection":[{"href":"https:\/\/zopadesign.com\/sk\/wp-json\/wp\/v2\/pages"}],"about":[{"href":"https:\/\/zopadesign.com\/sk\/wp-json\/wp\/v2\/types\/page"}],"author":[{"embeddable":true,"href":"https:\/\/zopadesign.com\/sk\/wp-json\/wp\/v2\/users\/1"}],"replies":[{"embeddable":true,"href":"https:\/\/zopadesign.com\/sk\/wp-json\/wp\/v2\/comments?post=972"}],"version-history":[{"count":11,"href":"https:\/\/zopadesign.com\/sk\/wp-json\/wp\/v2\/pages\/972\/revisions"}],"predecessor-version":[{"id":6784,"href":"https:\/\/zopadesign.com\/sk\/wp-json\/wp\/v2\/pages\/972\/revisions\/6784"}],"wp:attachment":[{"href":"https:\/\/zopadesign.com\/sk\/wp-json\/wp\/v2\/media?parent=972"}],"curies":[{"name":"wp","href":"https:\/\/api.w.org\/{rel}","templated":true}]}}