{"id":724,"date":"2022-04-27T15:27:41","date_gmt":"2022-04-27T13:27:41","guid":{"rendered":"https:\/\/zopadesign.com\/?page_id=724"},"modified":"2022-07-11T11:35:02","modified_gmt":"2022-07-11T09:35:02","slug":"manualy","status":"publish","type":"page","link":"https:\/\/zopadesign.com\/sk\/manualy\/","title":{"rendered":"Manu\u00e1ly"},"content":{"rendered":"<div data-elementor-type=\"wp-page\" data-elementor-id=\"724\" class=\"elementor elementor-724\" data-elementor-post-type=\"page\">\n\t\t\t\t\t\t<section class=\"elementor-section elementor-top-section elementor-element elementor-element-ad5cec2 elementor-section-boxed elementor-section-height-default elementor-section-height-default\" data-id=\"ad5cec2\" data-element_type=\"section\" data-settings=\"{&quot;background_background&quot;:&quot;classic&quot;}\">\n\t\t\t\t\t\t\t<div class=\"elementor-background-overlay\"><\/div>\n\t\t\t\t\t\t\t<div class=\"elementor-container elementor-column-gap-default\">\n\t\t\t\t\t<div class=\"elementor-column elementor-col-100 elementor-top-column elementor-element elementor-element-2b4fdda\" data-id=\"2b4fdda\" data-element_type=\"column\">\n\t\t\t<div class=\"elementor-widget-wrap elementor-element-populated\">\n\t\t\t\t\t\t<div class=\"elementor-element elementor-element-9b1a0a3 elementor-widget elementor-widget-heading\" data-id=\"9b1a0a3\" data-element_type=\"widget\" data-widget_type=\"heading.default\">\n\t\t\t\t<div class=\"elementor-widget-container\">\n\t\t\t\t\t<h1 class=\"elementor-heading-title elementor-size-default\">Manu\u00e1ly<\/h1>\t\t\t\t<\/div>\n\t\t\t\t<\/div>\n\t\t\t\t\t<\/div>\n\t\t<\/div>\n\t\t\t\t\t<\/div>\n\t\t<\/section>\n\t\t\t\t<section class=\"elementor-section elementor-top-section elementor-element elementor-element-a015c83 elementor-section-boxed elementor-section-height-default elementor-section-height-default\" data-id=\"a015c83\" data-element_type=\"section\">\n\t\t\t\t\t\t<div class=\"elementor-container elementor-column-gap-default\">\n\t\t\t\t\t<div class=\"elementor-column elementor-col-100 elementor-top-column elementor-element elementor-element-081c0ca\" data-id=\"081c0ca\" data-element_type=\"column\">\n\t\t\t<div class=\"elementor-widget-wrap elementor-element-populated\">\n\t\t\t\t\t\t<div class=\"elementor-element elementor-element-8195ce4 elementor-widget elementor-widget-zopa-manuals\" data-id=\"8195ce4\" data-element_type=\"widget\" data-widget_type=\"zopa-manuals.default\">\n\t\t\t\t<div class=\"elementor-widget-container\">\n\t\t\t\t\t\t\t \t<div class=\"zp-manuals\">\n\n\t\t \t\t<input type=\"text\" class=\"form-control js-manualsSearch\" placeholder=\"Hledat produkt\" \/>\n\n\t\t \t\t<div class=\"mb-5\">\n\t\t \t\t<\/div>\n\n\t\t \t\t\t\t \t\t<div class=\"js-manualsGroup\">\n\t\t\t \t\t<h2 class=\"mb-3\">Ko\u010d\u00edky<\/h2>\n\n\n\t\t\t \t\t<div class=\"row\">\n\n\t\t\t \t\t\t\t\t\t \t\t\t<div class=\"col-6 col-sm-4 col-lg-3 js-manualsItem\" data-name=\"Ko\u010d\u00e1rky Move Cross 2\">\n\t\t\t \t\t\t\t<div class=\"zp-manuals_file\">\n\n\t\t\t \t\t\t\t\t<div class=\"image\">\n\t\t\t \t\t\t\t\t\t<img decoding=\"async\" src=\"\/wp-content\/uploads\/2022\/04\/file-icon.svg\" \/>\n\t\t\t \t\t\t\t\t<\/div>\n\n\t\t\t \t\t\t\t\t<div class=\"zp-manuals_title mb-3\">Move Cross 2<\/div>\n\n\t\t\t\t \t\t\t\t<a class=\"elementor-button zp-btn zp-btn-primary\" href=\"https:\/\/zopadesign.com\/wp-content\/uploads\/2023\/08\/2023-09_ZOP012047_MoveCross2_MANUAL_148x210mm.pdf\" target=\"_blank\">\n\t\t\t\t \t\t\t\t\tStiahnu\u0165 manu\u00e1l\n\t\t\t\t \t\t\t\t<\/a>\n\t\t\t\t \t\t\t<\/div>\n\t\t\t \t\t\t<\/div>\n\t\t\t \t\t\t\n\t\t\t \t\t<\/div>\n\n\t\t\t \t<\/div>\n\t\t\t \t<div class=\"mb-4\"><\/div>\n\n\t\t \t\t\t\t \t\t<div class=\"js-manualsGroup\">\n\t\t\t \t\t<h2 class=\"mb-3\">Autoseda\u010dky<\/h2>\n\n\n\t\t\t \t\t<div class=\"row\">\n\n\t\t\t \t\t\t\t\t\t \t\t\t<div class=\"col-6 col-sm-4 col-lg-3 js-manualsItem\" data-name=\"Autoseda\u010dky Autoseda\u010dka Matrix i-Size\">\n\t\t\t \t\t\t\t<div class=\"zp-manuals_file\">\n\n\t\t\t \t\t\t\t\t<div class=\"image\">\n\t\t\t \t\t\t\t\t\t<img decoding=\"async\" src=\"\/wp-content\/uploads\/2022\/04\/file-icon.svg\" \/>\n\t\t\t \t\t\t\t\t<\/div>\n\n\t\t\t \t\t\t\t\t<div class=\"zp-manuals_title mb-3\">Autoseda\u010dka Matrix i-Size<\/div>\n\n\t\t\t\t \t\t\t\t<a class=\"elementor-button zp-btn zp-btn-primary\" href=\"https:\/\/zopadesign.com\/wp-content\/uploads\/2023\/06\/ZOP022611_Matrix-iSize_MANUAL_nahled_.pdf\" target=\"_blank\">\n\t\t\t\t \t\t\t\t\tStiahnu\u0165 manu\u00e1l\n\t\t\t\t \t\t\t\t<\/a>\n\t\t\t\t \t\t\t<\/div>\n\t\t\t \t\t\t<\/div>\n\t\t\t \t\t\t\t\t\t \t\t\t<div class=\"col-6 col-sm-4 col-lg-3 js-manualsItem\" data-name=\"Autoseda\u010dky Autoseda\u010dka Matrix\">\n\t\t\t \t\t\t\t<div class=\"zp-manuals_file\">\n\n\t\t\t \t\t\t\t\t<div class=\"image\">\n\t\t\t \t\t\t\t\t\t<img decoding=\"async\" src=\"\/wp-content\/uploads\/2022\/04\/file-icon.svg\" \/>\n\t\t\t \t\t\t\t\t<\/div>\n\n\t\t\t \t\t\t\t\t<div class=\"zp-manuals_title mb-3\">Autoseda\u010dka Matrix<\/div>\n\n\t\t\t\t \t\t\t\t<a class=\"elementor-button zp-btn zp-btn-primary\" href=\"https:\/\/zopadesign.com\/wp-content\/uploads\/2022\/05\/ZOP022580_Matrix_manual_nahled1.pdf\" target=\"_blank\">\n\t\t\t\t \t\t\t\t\tStiahnu\u0165 manu\u00e1l\n\t\t\t\t \t\t\t\t<\/a>\n\t\t\t\t \t\t\t<\/div>\n\t\t\t \t\t\t<\/div>\n\t\t\t \t\t\t\n\t\t\t \t\t<\/div>\n\n\t\t\t \t<\/div>\n\t\t\t \t<div class=\"mb-4\"><\/div>\n\n\t\t \t\t\n\t\t \t\t<div style=\"display:none;\" class=\"zp-manuals_Nothing js-manualsNothing\">\n\t\t \t\t\t<div class=\"title\">\u017d\u00e1dn\u00e9 v\u00fdsledky<\/div>\n\t\t \t\t\t<p>Kontaktujte pros\u00edm na\u0161i podporu nebo zkuste hledat jinou fr\u00e1zi.<\/p>\n\t\t \t\t<\/div>\n\n\t\t \t<\/div>\n\t\t \t\t\t\t\t<\/div>\n\t\t\t\t<\/div>\n\t\t\t\t\t<\/div>\n\t\t<\/div>\n\t\t\t\t\t<\/div>\n\t\t<\/section>\n\t\t\t\t<\/div>","protected":false},"excerpt":{"rendered":"<p>Manu\u00e1ly Autoseda\u010dky Autoseda\u010dka Matrix St\u00e1hnout manu\u00e1l \u017d\u00e1dn\u00e9 v\u00fdsledky Kontaktujte pros\u00edm na\u0161i podporu nebo zkuste hledat jinou fr\u00e1zi.<\/p>","protected":false},"author":1,"featured_media":0,"parent":0,"menu_order":0,"comment_status":"closed","ping_status":"closed","template":"","meta":{"_acf_changed":false,"footnotes":""},"class_list":["post-724","page","type-page","status-publish","hentry"],"acf":[],"_links":{"self":[{"href":"https:\/\/zopadesign.com\/sk\/wp-json\/wp\/v2\/pages\/724","targetHints":{"allow":["GET"]}}],"collection":[{"href":"https:\/\/zopadesign.com\/sk\/wp-json\/wp\/v2\/pages"}],"about":[{"href":"https:\/\/zopadesign.com\/sk\/wp-json\/wp\/v2\/types\/page"}],"author":[{"embeddable":true,"href":"https:\/\/zopadesign.com\/sk\/wp-json\/wp\/v2\/users\/1"}],"replies":[{"embeddable":true,"href":"https:\/\/zopadesign.com\/sk\/wp-json\/wp\/v2\/comments?post=724"}],"version-history":[{"count":25,"href":"https:\/\/zopadesign.com\/sk\/wp-json\/wp\/v2\/pages\/724\/revisions"}],"predecessor-version":[{"id":5015,"href":"https:\/\/zopadesign.com\/sk\/wp-json\/wp\/v2\/pages\/724\/revisions\/5015"}],"wp:attachment":[{"href":"https:\/\/zopadesign.com\/sk\/wp-json\/wp\/v2\/media?parent=724"}],"curies":[{"name":"wp","href":"https:\/\/api.w.org\/{rel}","templated":true}]}}