{"id":161,"date":"2022-04-03T13:24:04","date_gmt":"2022-04-03T11:24:04","guid":{"rendered":"https:\/\/zopadesign.com\/?page_id=161"},"modified":"2025-06-23T09:00:50","modified_gmt":"2025-06-23T07:00:50","slug":"uvod","status":"publish","type":"page","link":"https:\/\/zopadesign.com\/sk\/uvod\/","title":{"rendered":"\u00davod"},"content":{"rendered":"<div data-elementor-type=\"wp-page\" data-elementor-id=\"161\" class=\"elementor elementor-161\" data-elementor-post-type=\"page\">\n\t\t\t\t\t\t<section class=\"elementor-section elementor-top-section elementor-element elementor-element-239de8b elementor-section-full_width elementor-section-height-min-height elementor-section-height-default elementor-section-items-middle\" data-id=\"239de8b\" data-element_type=\"section\" data-settings=\"{&quot;background_background&quot;:&quot;slideshow&quot;,&quot;background_slideshow_gallery&quot;:[],&quot;background_slideshow_loop&quot;:&quot;yes&quot;,&quot;background_slideshow_slide_duration&quot;:5000,&quot;background_slideshow_slide_transition&quot;:&quot;fade&quot;,&quot;background_slideshow_transition_duration&quot;:500}\">\n\t\t\t\t\t\t<div class=\"elementor-container elementor-column-gap-default\">\n\t\t\t\t\t<div class=\"elementor-column elementor-col-100 elementor-top-column elementor-element elementor-element-566b6a3\" data-id=\"566b6a3\" data-element_type=\"column\">\n\t\t\t<div class=\"elementor-widget-wrap elementor-element-populated\">\n\t\t\t\t\t\t<div class=\"elementor-element elementor-element-b7fb57f elementor-widget elementor-widget-image\" data-id=\"b7fb57f\" data-element_type=\"widget\" data-widget_type=\"image.default\">\n\t\t\t\t<div class=\"elementor-widget-container\">\n\t\t\t\t\t\t\t\t\t\t\t\t\t\t\t\t<a href=\"https:\/\/zopadesign.com\/sk\/produkt\/sportovy-kocik-jet\/\">\n\t\t\t\t\t\t\t<img fetchpriority=\"high\" decoding=\"async\" width=\"1617\" height=\"617\" src=\"https:\/\/zopadesign.com\/wp-content\/uploads\/2025\/06\/Zopa_Jet_HP_1600-x-600.jpg\" class=\"attachment-full size-full wp-image-13162\" alt=\"\" srcset=\"https:\/\/zopadesign.com\/wp-content\/uploads\/2025\/06\/Zopa_Jet_HP_1600-x-600.jpg 1617w, https:\/\/zopadesign.com\/wp-content\/uploads\/2025\/06\/Zopa_Jet_HP_1600-x-600-700x267.jpg 700w, https:\/\/zopadesign.com\/wp-content\/uploads\/2025\/06\/Zopa_Jet_HP_1600-x-600-1024x391.jpg 1024w, https:\/\/zopadesign.com\/wp-content\/uploads\/2025\/06\/Zopa_Jet_HP_1600-x-600-768x293.jpg 768w, https:\/\/zopadesign.com\/wp-content\/uploads\/2025\/06\/Zopa_Jet_HP_1600-x-600-1536x586.jpg 1536w, https:\/\/zopadesign.com\/wp-content\/uploads\/2025\/06\/Zopa_Jet_HP_1600-x-600-18x7.jpg 18w\" sizes=\"(max-width: 1617px) 100vw, 1617px\" \/>\t\t\t\t\t\t\t\t<\/a>\n\t\t\t\t\t\t\t\t\t\t\t\t\t\t\t<\/div>\n\t\t\t\t<\/div>\n\t\t\t\t<div class=\"elementor-element elementor-element-907b08e elementor-widget elementor-widget-image\" data-id=\"907b08e\" data-element_type=\"widget\" data-no-translation=\"\" data-widget_type=\"image.default\">\n\t\t\t\t<div class=\"elementor-widget-container\">\n\t\t\t\t\t<style>.elementor-element-907b08e{display:none !important}<\/style>\t\t\t\t<\/div>\n\t\t\t\t<\/div>\n\t\t\t\t\t<\/div>\n\t\t<\/div>\n\t\t\t\t\t<\/div>\n\t\t<\/section>\n\t\t\t\t<section class=\"elementor-section elementor-top-section elementor-element elementor-element-3718c87 elementor-section-stretched elementor-section-boxed elementor-section-height-default elementor-section-height-default\" data-id=\"3718c87\" data-element_type=\"section\" data-settings=\"{&quot;stretch_section&quot;:&quot;section-stretched&quot;,&quot;background_background&quot;:&quot;classic&quot;}\">\n\t\t\t\t\t\t<div class=\"elementor-container elementor-column-gap-default\">\n\t\t\t\t\t<div class=\"elementor-column elementor-col-50 elementor-top-column elementor-element elementor-element-abe8274\" data-id=\"abe8274\" data-element_type=\"column\">\n\t\t\t<div class=\"elementor-widget-wrap elementor-element-populated\">\n\t\t\t\t\t\t<div class=\"elementor-element elementor-element-7074b00 elementor-widget elementor-widget-image\" data-id=\"7074b00\" data-element_type=\"widget\" data-widget_type=\"image.default\">\n\t\t\t\t<div class=\"elementor-widget-container\">\n\t\t\t\t\t\t\t\t\t\t\t\t\t\t\t\t<a href=\"https:\/\/zopadesign.com\/sk\/produkt\/sportovy-kocik-move-cross-5\/\">\n\t\t\t\t\t\t\t<img decoding=\"async\" width=\"800\" height=\"574\" src=\"https:\/\/zopadesign.com\/wp-content\/uploads\/2025\/06\/Move-Cross-5_1458-x-1042-1024x735.jpg\" class=\"attachment-large size-large wp-image-13165\" alt=\"\" srcset=\"https:\/\/zopadesign.com\/wp-content\/uploads\/2025\/06\/Move-Cross-5_1458-x-1042-1024x735.jpg 1024w, https:\/\/zopadesign.com\/wp-content\/uploads\/2025\/06\/Move-Cross-5_1458-x-1042-700x503.jpg 700w, https:\/\/zopadesign.com\/wp-content\/uploads\/2025\/06\/Move-Cross-5_1458-x-1042-768x551.jpg 768w, https:\/\/zopadesign.com\/wp-content\/uploads\/2025\/06\/Move-Cross-5_1458-x-1042-18x12.jpg 18w, https:\/\/zopadesign.com\/wp-content\/uploads\/2025\/06\/Move-Cross-5_1458-x-1042.jpg 1475w\" sizes=\"(max-width: 800px) 100vw, 800px\" \/>\t\t\t\t\t\t\t\t<\/a>\n\t\t\t\t\t\t\t\t\t\t\t\t\t\t\t<\/div>\n\t\t\t\t<\/div>\n\t\t\t\t<div class=\"elementor-element elementor-element-8c003a1 elementor-widget elementor-widget-heading\" data-id=\"8c003a1\" data-element_type=\"widget\" data-widget_type=\"heading.default\">\n\t\t\t\t<div class=\"elementor-widget-container\">\n\t\t\t\t\t<div class=\"elementor-heading-title elementor-size-default\">Move Cross 5<\/div>\t\t\t\t<\/div>\n\t\t\t\t<\/div>\n\t\t\t\t<div class=\"elementor-element elementor-element-df70cae elementor-widget elementor-widget-text-editor\" data-id=\"df70cae\" data-element_type=\"widget\" data-widget_type=\"text-editor.default\">\n\t\t\t\t<div class=\"elementor-widget-container\">\n\t\t\t\t\t\t\t\t\t<p>Pro d\u011bti od 6 m\u011bs\u00edc\u016f do 22 kg<\/p>\t\t\t\t\t\t\t\t<\/div>\n\t\t\t\t<\/div>\n\t\t\t\t<div class=\"elementor-element elementor-element-d2006e1 elementor-widget elementor-widget-button\" data-id=\"d2006e1\" data-element_type=\"widget\" data-widget_type=\"button.default\">\n\t\t\t\t<div class=\"elementor-widget-container\">\n\t\t\t\t\t\t\t\t\t<div class=\"elementor-button-wrapper\">\n\t\t\t\t\t<a class=\"elementor-button elementor-button-link elementor-size-sm\" href=\"https:\/\/zopadesign.com\/sk\/produkt\/sportovy-kocik-move-cross-5\/\">\n\t\t\t\t\t\t<span class=\"elementor-button-content-wrapper\">\n\t\t\t\t\t\t<span class=\"elementor-button-icon\">\n\t\t\t\t<i aria-hidden=\"true\" class=\"fas fa-angle-right\"><\/i>\t\t\t<\/span>\n\t\t\t\t\t\t\t\t\t<span class=\"elementor-button-text\">Viac inform\u00e1ci\u00ed<\/span>\n\t\t\t\t\t<\/span>\n\t\t\t\t\t<\/a>\n\t\t\t\t<\/div>\n\t\t\t\t\t\t\t\t<\/div>\n\t\t\t\t<\/div>\n\t\t\t\t\t<\/div>\n\t\t<\/div>\n\t\t\t\t<div class=\"elementor-column elementor-col-50 elementor-top-column elementor-element elementor-element-e470514\" data-id=\"e470514\" data-element_type=\"column\" data-settings=\"{&quot;background_background&quot;:&quot;classic&quot;}\">\n\t\t\t<div class=\"elementor-widget-wrap elementor-element-populated\">\n\t\t\t\t\t\t<div class=\"elementor-element elementor-element-7452450 elementor-widget elementor-widget-image\" data-id=\"7452450\" data-element_type=\"widget\" data-widget_type=\"image.default\">\n\t\t\t\t<div class=\"elementor-widget-container\">\n\t\t\t\t\t\t\t\t\t\t\t\t\t\t\t\t<a href=\"https:\/\/zopadesign.com\/sk\/produkt\/trojkolka-x-trike-pro\/\">\n\t\t\t\t\t\t\t<img decoding=\"async\" width=\"800\" height=\"574\" src=\"https:\/\/zopadesign.com\/wp-content\/uploads\/2025\/06\/X-Trike-Pro_1458-x-1042-1024x735.jpg\" class=\"attachment-large size-large wp-image-13164\" alt=\"\" srcset=\"https:\/\/zopadesign.com\/wp-content\/uploads\/2025\/06\/X-Trike-Pro_1458-x-1042-1024x735.jpg 1024w, https:\/\/zopadesign.com\/wp-content\/uploads\/2025\/06\/X-Trike-Pro_1458-x-1042-700x503.jpg 700w, https:\/\/zopadesign.com\/wp-content\/uploads\/2025\/06\/X-Trike-Pro_1458-x-1042-768x551.jpg 768w, https:\/\/zopadesign.com\/wp-content\/uploads\/2025\/06\/X-Trike-Pro_1458-x-1042-18x12.jpg 18w, https:\/\/zopadesign.com\/wp-content\/uploads\/2025\/06\/X-Trike-Pro_1458-x-1042.jpg 1475w\" sizes=\"(max-width: 800px) 100vw, 800px\" \/>\t\t\t\t\t\t\t\t<\/a>\n\t\t\t\t\t\t\t\t\t\t\t\t\t\t\t<\/div>\n\t\t\t\t<\/div>\n\t\t\t\t<div class=\"elementor-element elementor-element-5e0e9c5 elementor-widget elementor-widget-heading\" data-id=\"5e0e9c5\" data-element_type=\"widget\" data-widget_type=\"heading.default\">\n\t\t\t\t<div class=\"elementor-widget-container\">\n\t\t\t\t\t<div class=\"elementor-heading-title elementor-size-default\">X Trike Pro<\/div>\t\t\t\t<\/div>\n\t\t\t\t<\/div>\n\t\t\t\t<div class=\"elementor-element elementor-element-4b02afd elementor-widget elementor-widget-text-editor\" data-id=\"4b02afd\" data-element_type=\"widget\" data-widget_type=\"text-editor.default\">\n\t\t\t\t<div class=\"elementor-widget-container\">\n\t\t\t\t\t\t\t\t\t<p>Od 10 m\u011bs\u00edc\u016f do 4 let<\/p>\t\t\t\t\t\t\t\t<\/div>\n\t\t\t\t<\/div>\n\t\t\t\t<div class=\"elementor-element elementor-element-8830b3e elementor-widget elementor-widget-button\" data-id=\"8830b3e\" data-element_type=\"widget\" data-widget_type=\"button.default\">\n\t\t\t\t<div class=\"elementor-widget-container\">\n\t\t\t\t\t\t\t\t\t<div class=\"elementor-button-wrapper\">\n\t\t\t\t\t<a class=\"elementor-button elementor-button-link elementor-size-sm\" href=\"https:\/\/zopadesign.com\/sk\/produkt\/trojkolka-x-trike-pro\/\">\n\t\t\t\t\t\t<span class=\"elementor-button-content-wrapper\">\n\t\t\t\t\t\t<span class=\"elementor-button-icon\">\n\t\t\t\t<i aria-hidden=\"true\" class=\"fas fa-angle-right\"><\/i>\t\t\t<\/span>\n\t\t\t\t\t\t\t\t\t<span class=\"elementor-button-text\">Viac inform\u00e1ci\u00ed<\/span>\n\t\t\t\t\t<\/span>\n\t\t\t\t\t<\/a>\n\t\t\t\t<\/div>\n\t\t\t\t\t\t\t\t<\/div>\n\t\t\t\t<\/div>\n\t\t\t\t\t<\/div>\n\t\t<\/div>\n\t\t\t\t\t<\/div>\n\t\t<\/section>\n\t\t\t\t<section class=\"elementor-section elementor-top-section elementor-element elementor-element-f4936da zp-subForm elementor-section-boxed elementor-section-height-default elementor-section-height-default\" data-id=\"f4936da\" data-element_type=\"section\" data-settings=\"{&quot;background_background&quot;:&quot;classic&quot;}\">\n\t\t\t\t\t\t<div class=\"elementor-container elementor-column-gap-default\">\n\t\t\t\t\t<div class=\"elementor-column elementor-col-100 elementor-top-column elementor-element elementor-element-c5cffec\" data-id=\"c5cffec\" data-element_type=\"column\" data-settings=\"{&quot;background_background&quot;:&quot;classic&quot;}\">\n\t\t\t<div class=\"elementor-widget-wrap elementor-element-populated\">\n\t\t\t\t\t\t<div class=\"elementor-element elementor-element-9a22695 elementor-widget elementor-widget-heading\" data-id=\"9a22695\" data-element_type=\"widget\" data-widget_type=\"heading.default\">\n\t\t\t\t<div class=\"elementor-widget-container\">\n\t\t\t\t\t<div class=\"elementor-heading-title elementor-size-default\">ODBER NOVINIEK<\/div>\t\t\t\t<\/div>\n\t\t\t\t<\/div>\n\t\t\t\t<div class=\"elementor-element elementor-element-1bda6ae text-center elementor-widget elementor-widget-text-editor\" data-id=\"1bda6ae\" data-element_type=\"widget\" data-widget_type=\"text-editor.default\">\n\t\t\t\t<div class=\"elementor-widget-container\">\n\t\t\t\t\t\t\t\t\t<p style=\"margin:0 auto;max-width:640px;text-align: center;\">Dost\u00e1vajte pravidelne novinky zo sveta detsk\u00fdch produktov. Prihl\u00e1ste sa na odber newslettera a u\u017e v\u00e1m nikdy neute\u010d\u00fa chystan\u00e9 akcie, z\u013eavy ani s\u00fa\u0165a\u017ee.<\/p>\t\t\t\t\t\t\t\t<\/div>\n\t\t\t\t<\/div>\n\t\t\t\t<div class=\"elementor-element elementor-element-4a0143e elementor-widget elementor-widget-text-editor\" data-id=\"4a0143e\" data-element_type=\"widget\" data-widget_type=\"text-editor.default\">\n\t\t\t\t<div class=\"elementor-widget-container\">\n\t\t\t\t\t\t\t\t\t<p>\n<div class=\"wpcf7 no-js\" id=\"wpcf7-f224-o1\" lang=\"cs-CZ\" dir=\"ltr\" data-wpcf7-id=\"224\">\n<div class=\"screen-reader-response\"><p role=\"status\" aria-live=\"polite\" aria-atomic=\"true\"><\/p> <ul><\/ul><\/div>\n<form action=\"\/sk\/wp-json\/wp\/v2\/pages\/161#wpcf7-f224-o1\" method=\"post\" class=\"wpcf7-form init\" aria-label=\"Kontaktn\u00ed formul\u00e1\u0159\" novalidate=\"novalidate\" data-status=\"init\" data-trp-original-action=\"\/sk\/wp-json\/wp\/v2\/pages\/161#wpcf7-f224-o1\">\n<div style=\"display: none;\">\n<input type=\"hidden\" name=\"_wpcf7\" value=\"224\" \/>\n<input type=\"hidden\" name=\"_wpcf7_version\" value=\"6.0.1\" \/>\n<input type=\"hidden\" name=\"_wpcf7_locale\" value=\"cs_CZ\" \/>\n<input type=\"hidden\" name=\"_wpcf7_unit_tag\" value=\"wpcf7-f224-o1\" \/>\n<input type=\"hidden\" name=\"_wpcf7_container_post\" value=\"0\" \/>\n<input type=\"hidden\" name=\"_wpcf7_posted_data_hash\" value=\"\" \/>\n<input type=\"hidden\" name=\"_wpcf7_recaptcha_response\" value=\"\" \/>\n<\/div>\n<div class=\"row align-items-center justify-content-center\">\n\t<div class=\"col-md-6 col-lg-4 col-xl-3\">\n\t\t<p><span class=\"wpcf7-form-control-wrap\" data-name=\"email\"><input size=\"40\" maxlength=\"400\" class=\"wpcf7-form-control wpcf7-email wpcf7-validates-as-required wpcf7-text wpcf7-validates-as-email\" aria-required=\"true\" aria-invalid=\"false\" placeholder=\"V\u00e1\u0161 e-mail*\" value=\"\" type=\"email\" name=\"email\" \/><\/span>\n\t\t<\/p>\n\t<\/div>\n\t<div class=\"col-md-6 col-lg-3 col-xl-2\">\n\t\t<p><input class=\"wpcf7-form-control wpcf7-submit has-spinner\" type=\"submit\" value=\"Odeb\u00edrat\" \/>\n\t\t<\/p>\n\t<\/div>\n<\/div>\n<div class=\"text-center\">\n\t<p><span class=\"wpcf7-form-control-wrap\" data-name=\"agree\"><span class=\"wpcf7-form-control wpcf7-checkbox\"><span class=\"wpcf7-list-item first last\"><label><input type=\"checkbox\" name=\"agree[]\" value=\"Odesl\u00e1n\u00edm souhlas\u00edte s podm\u00ednkami ochrany osobn\u00edch \u00fadaj\u016f\" \/><span class=\"wpcf7-list-item-label\">Odoslan\u00edm s\u00fahlas\u00edte s podmienkami ochrany osobn\u00fdch \u00fadajov<\/span><\/label><\/span><\/span><\/span>\n\t<\/p>\n<\/div><div class=\"wpcf7-response-output\" aria-hidden=\"true\"><\/div>\n<input type=\"hidden\" name=\"trp-form-language\" value=\"sk\"\/><\/form>\n<\/div>\n<\/p>\t\t\t\t\t\t\t\t<\/div>\n\t\t\t\t<\/div>\n\t\t\t\t\t<\/div>\n\t\t<\/div>\n\t\t\t\t\t<\/div>\n\t\t<\/section>\n\t\t\t\t<\/div>","protected":false},"excerpt":{"rendered":"<p>Move Cross 5 Pro d\u011bti od 6 m\u011bs\u00edc\u016f do 22 kg V\u00edce informac\u00ed X Trike Pro Od 10 m\u011bs\u00edc\u016f do 4 let V\u00edce informac\u00ed Move Cross 5 For children from 6 months up to 22 kg More information X Trike Pro From birth to 22 kg. More information BLOG Nov\u00e1 t\u0159\u00edkolka X Trike Pro: Dobrodru\u017estv\u00ed [&hellip;]<\/p>\n","protected":false},"author":1,"featured_media":0,"parent":0,"menu_order":0,"comment_status":"closed","ping_status":"closed","template":"","meta":{"_acf_changed":false,"footnotes":""},"class_list":["post-161","page","type-page","status-publish","hentry"],"acf":[],"_links":{"self":[{"href":"https:\/\/zopadesign.com\/sk\/wp-json\/wp\/v2\/pages\/161","targetHints":{"allow":["GET"]}}],"collection":[{"href":"https:\/\/zopadesign.com\/sk\/wp-json\/wp\/v2\/pages"}],"about":[{"href":"https:\/\/zopadesign.com\/sk\/wp-json\/wp\/v2\/types\/page"}],"author":[{"embeddable":true,"href":"https:\/\/zopadesign.com\/sk\/wp-json\/wp\/v2\/users\/1"}],"replies":[{"embeddable":true,"href":"https:\/\/zopadesign.com\/sk\/wp-json\/wp\/v2\/comments?post=161"}],"version-history":[{"count":565,"href":"https:\/\/zopadesign.com\/sk\/wp-json\/wp\/v2\/pages\/161\/revisions"}],"predecessor-version":[{"id":13178,"href":"https:\/\/zopadesign.com\/sk\/wp-json\/wp\/v2\/pages\/161\/revisions\/13178"}],"wp:attachment":[{"href":"https:\/\/zopadesign.com\/sk\/wp-json\/wp\/v2\/media?parent=161"}],"curies":[{"name":"wp","href":"https:\/\/api.w.org\/{rel}","templated":true}]}}