{"id":1490,"date":"2022-05-12T10:33:42","date_gmt":"2022-05-12T08:33:42","guid":{"rendered":"https:\/\/zopadesign.com\/?page_id=1490"},"modified":"2025-07-22T10:45:22","modified_gmt":"2025-07-22T08:45:22","slug":"o-nas","status":"publish","type":"page","link":"https:\/\/zopadesign.com\/sk\/o-nas\/","title":{"rendered":"O n\u00e1s"},"content":{"rendered":"<div data-elementor-type=\"wp-page\" data-elementor-id=\"1490\" class=\"elementor elementor-1490\" data-elementor-post-type=\"page\">\n\t\t\t\t\t\t<section class=\"elementor-section elementor-top-section elementor-element elementor-element-63a590d1 elementor-section-boxed elementor-section-height-default elementor-section-height-default\" data-id=\"63a590d1\" data-element_type=\"section\" data-settings=\"{&quot;background_background&quot;:&quot;classic&quot;}\">\n\t\t\t\t\t\t\t<div class=\"elementor-background-overlay\"><\/div>\n\t\t\t\t\t\t\t<div class=\"elementor-container elementor-column-gap-default\">\n\t\t\t\t\t<div class=\"elementor-column elementor-col-100 elementor-top-column elementor-element elementor-element-7a69ae6b\" data-id=\"7a69ae6b\" data-element_type=\"column\">\n\t\t\t<div class=\"elementor-widget-wrap elementor-element-populated\">\n\t\t\t\t\t\t<div class=\"elementor-element elementor-element-fbee4f2 elementor-widget elementor-widget-text-editor\" data-id=\"fbee4f2\" data-element_type=\"widget\" data-widget_type=\"text-editor.default\">\n\t\t\t\t<div class=\"elementor-widget-container\">\n\t\t\t\t\t\t\t\t\t<h1 style=\"color:#fff;\"><strong>V\u00edtejte v\u00a0na\u0161\u00ed Zopa rodin\u011b<\/strong><\/h1>\t\t\t\t\t\t\t\t<\/div>\n\t\t\t\t<\/div>\n\t\t\t\t\t<\/div>\n\t\t<\/div>\n\t\t\t\t\t<\/div>\n\t\t<\/section>\n\t\t\t\t<section class=\"elementor-section elementor-top-section elementor-element elementor-element-5b12fa0 elementor-section-content-middle elementor-section-boxed elementor-section-height-default elementor-section-height-default\" data-id=\"5b12fa0\" data-element_type=\"section\" data-settings=\"{&quot;background_background&quot;:&quot;classic&quot;}\">\n\t\t\t\t\t\t<div class=\"elementor-container elementor-column-gap-wide\">\n\t\t\t\t\t<div class=\"elementor-column elementor-col-50 elementor-top-column elementor-element elementor-element-f1c27ac\" data-id=\"f1c27ac\" data-element_type=\"column\">\n\t\t\t<div class=\"elementor-widget-wrap elementor-element-populated\">\n\t\t\t\t\t\t<div class=\"elementor-element elementor-element-941a8ca elementor-widget elementor-widget-image\" data-id=\"941a8ca\" data-element_type=\"widget\" data-widget_type=\"image.default\">\n\t\t\t\t<div class=\"elementor-widget-container\">\n\t\t\t\t\t\t\t\t\t\t\t\t\t\t\t<img fetchpriority=\"high\" decoding=\"async\" width=\"800\" height=\"267\" src=\"https:\/\/zopadesign.com\/wp-content\/uploads\/2022\/05\/univerzalfix-1024x342.png\" class=\"attachment-large size-large wp-image-1301\" alt=\"\" srcset=\"https:\/\/zopadesign.com\/wp-content\/uploads\/2022\/05\/univerzalfix-1024x342.png 1024w, https:\/\/zopadesign.com\/wp-content\/uploads\/2022\/05\/univerzalfix-300x100.png 300w, https:\/\/zopadesign.com\/wp-content\/uploads\/2022\/05\/univerzalfix-768x256.png 768w, https:\/\/zopadesign.com\/wp-content\/uploads\/2022\/05\/univerzalfix-1536x512.png 1536w, https:\/\/zopadesign.com\/wp-content\/uploads\/2022\/05\/univerzalfix-18x6.png 18w, https:\/\/zopadesign.com\/wp-content\/uploads\/2022\/05\/univerzalfix.png 2000w\" sizes=\"(max-width: 800px) 100vw, 800px\" \/>\t\t\t\t\t\t\t\t\t\t\t\t\t\t\t<\/div>\n\t\t\t\t<\/div>\n\t\t\t\t\t<\/div>\n\t\t<\/div>\n\t\t\t\t<div class=\"elementor-column elementor-col-50 elementor-top-column elementor-element elementor-element-d3cb176\" data-id=\"d3cb176\" data-element_type=\"column\">\n\t\t\t<div class=\"elementor-widget-wrap elementor-element-populated\">\n\t\t\t\t\t\t<div class=\"elementor-element elementor-element-a5f7965 elementor-widget elementor-widget-heading\" data-id=\"a5f7965\" data-element_type=\"widget\" data-widget_type=\"heading.default\">\n\t\t\t\t<div class=\"elementor-widget-container\">\n\t\t\t\t\t<h2 class=\"elementor-heading-title elementor-size-default\">Sv\u011btov\u00e1 firma s\u00a0rodinnou atmosf\u00e9rou<\/h2>\t\t\t\t<\/div>\n\t\t\t\t<\/div>\n\t\t\t\t<div class=\"elementor-element elementor-element-378ad28 elementor-widget elementor-widget-text-editor\" data-id=\"378ad28\" data-element_type=\"widget\" data-widget_type=\"text-editor.default\">\n\t\t\t\t<div class=\"elementor-widget-container\">\n\t\t\t\t\t\t\t\t\t<p>Spole\u010dn\u011b ji neust\u00e1le rozv\u00edj\u00ed a z \u201egar\u00e1\u017eov\u00e9\u201c firmy se stala spole\u010dnost s\u00a0des\u00edtkami zam\u011bstnanc\u016f, kter\u00e1 m\u00e1 zastoupen\u00ed po cel\u00e9 Evrop\u011b a expanduje d\u00e1l do sv\u011bta. Po\u0159\u00e1d u n\u00e1s ale najdete pohodovou atmosf\u00e9ru rodinn\u00e9 firmy.<\/p>\t\t\t\t\t\t\t\t<\/div>\n\t\t\t\t<\/div>\n\t\t\t\t\t<\/div>\n\t\t<\/div>\n\t\t\t\t\t<\/div>\n\t\t<\/section>\n\t\t\t\t<section class=\"elementor-section elementor-top-section elementor-element elementor-element-a487e83 elementor-section-content-middle elementor-section-boxed elementor-section-height-default elementor-section-height-default\" data-id=\"a487e83\" data-element_type=\"section\">\n\t\t\t\t\t\t<div class=\"elementor-container elementor-column-gap-wide\">\n\t\t\t\t\t<div class=\"elementor-column elementor-col-50 elementor-top-column elementor-element elementor-element-6f43972 order-md-2\" data-id=\"6f43972\" data-element_type=\"column\">\n\t\t\t<div class=\"elementor-widget-wrap elementor-element-populated\">\n\t\t\t\t\t\t<div class=\"elementor-element elementor-element-1497306 elementor-widget elementor-widget-image\" data-id=\"1497306\" data-element_type=\"widget\" data-widget_type=\"image.default\">\n\t\t\t\t<div class=\"elementor-widget-container\">\n\t\t\t\t\t\t\t\t\t\t\t\t\t\t\t<img decoding=\"async\" width=\"800\" height=\"534\" src=\"https:\/\/zopadesign.com\/wp-content\/uploads\/2022\/05\/0L6A3469-2_web-1024x683.jpg\" class=\"attachment-large size-large wp-image-1445\" alt=\"\" srcset=\"https:\/\/zopadesign.com\/wp-content\/uploads\/2022\/05\/0L6A3469-2_web-1024x683.jpg 1024w, https:\/\/zopadesign.com\/wp-content\/uploads\/2022\/05\/0L6A3469-2_web-300x200.jpg 300w, https:\/\/zopadesign.com\/wp-content\/uploads\/2022\/05\/0L6A3469-2_web-768x512.jpg 768w, https:\/\/zopadesign.com\/wp-content\/uploads\/2022\/05\/0L6A3469-2_web-18x12.jpg 18w, https:\/\/zopadesign.com\/wp-content\/uploads\/2022\/05\/0L6A3469-2_web.jpg 1500w\" sizes=\"(max-width: 800px) 100vw, 800px\" \/>\t\t\t\t\t\t\t\t\t\t\t\t\t\t\t<\/div>\n\t\t\t\t<\/div>\n\t\t\t\t\t<\/div>\n\t\t<\/div>\n\t\t\t\t<div class=\"elementor-column elementor-col-50 elementor-top-column elementor-element elementor-element-5b86c03\" data-id=\"5b86c03\" data-element_type=\"column\">\n\t\t\t<div class=\"elementor-widget-wrap elementor-element-populated\">\n\t\t\t\t\t\t<div class=\"elementor-element elementor-element-d46eafa elementor-widget elementor-widget-heading\" data-id=\"d46eafa\" data-element_type=\"widget\" data-widget_type=\"heading.default\">\n\t\t\t\t<div class=\"elementor-widget-container\">\n\t\t\t\t\t<h2 class=\"elementor-heading-title elementor-size-default\">Od ko\u010d\u00e1rku po odr\u00e1\u017eedlo: praktick\u00e1 i z\u00e1bavn\u00e1 v\u00fdbavi\u010dka<\/h2>\t\t\t\t<\/div>\n\t\t\t\t<\/div>\n\t\t\t\t<div class=\"elementor-element elementor-element-8a83c18 elementor-widget elementor-widget-text-editor\" data-id=\"8a83c18\" data-element_type=\"widget\" data-widget_type=\"text-editor.default\">\n\t\t\t\t<div class=\"elementor-widget-container\">\n\t\t\t\t\t\t\t\t\t<p>Tak\u00e9 filosofie firmy z\u016fst\u00e1v\u00e1 st\u00e1le stejn\u00e1: p\u0159in\u00e1\u0161et rodin\u00e1m kvalitn\u00ed, designov\u00e9, ale z\u00e1rove\u0148 cenov\u011b dostupn\u00e9 produkty, kter\u00e9 usnadn\u00ed rodi\u010dovstv\u00ed a se kter\u00fdmi si u\u017eijete spoustu z\u00e1bavy. Ko\u010d\u00e1rky, autoseda\u010dky, j\u00eddeln\u00ed \u017eidli\u010dky, hra\u010dky osobn\u011b testujeme s\u00a0vlastn\u00edmi d\u011btmi. Bezpe\u010dnost ov\u011b\u0159ujeme v\u00a0p\u0159\u00edsn\u00fdch evropsk\u00fdch testovac\u00edch centrech. Nenab\u00eddli bychom v\u00e1m nic, o \u010dem jako rodi\u010de sami nejsme p\u0159esv\u011bd\u010den\u00ed, \u017ee je pro d\u011bti to nejlep\u0161\u00ed.<\/p>\t\t\t\t\t\t\t\t<\/div>\n\t\t\t\t<\/div>\n\t\t\t\t<div class=\"elementor-element elementor-element-a1685a5 elementor-widget elementor-widget-text-editor\" data-id=\"a1685a5\" data-element_type=\"widget\" data-widget_type=\"text-editor.default\">\n\t\t\t\t<div class=\"elementor-widget-container\">\n\t\t\t\t\t\t\t\t\t<p><strong>Zopa<\/strong><\/p>\t\t\t\t\t\t\t\t<\/div>\n\t\t\t\t<\/div>\n\t\t\t\t\t<\/div>\n\t\t<\/div>\n\t\t\t\t\t<\/div>\n\t\t<\/section>\n\t\t\t\t<section class=\"elementor-section elementor-top-section elementor-element elementor-element-5080c0eb elementor-section-content-middle elementor-section-boxed elementor-section-height-default elementor-section-height-default\" data-id=\"5080c0eb\" data-element_type=\"section\">\n\t\t\t\t\t\t<div class=\"elementor-container elementor-column-gap-no\">\n\t\t\t\t\t<div class=\"elementor-column elementor-col-100 elementor-top-column elementor-element elementor-element-15a3f79e\" data-id=\"15a3f79e\" data-element_type=\"column\">\n\t\t\t<div class=\"elementor-widget-wrap elementor-element-populated\">\n\t\t\t\t\t\t<div class=\"elementor-element elementor-element-6829c0d6 elementor-widget elementor-widget-heading\" data-id=\"6829c0d6\" data-element_type=\"widget\" data-widget_type=\"heading.default\">\n\t\t\t\t<div class=\"elementor-widget-container\">\n\t\t\t\t\t<h2 class=\"elementor-heading-title elementor-size-default\">Historick\u00e9 miln\u00edky na\u0161\u00ed zna\u010dky<\/h2>\t\t\t\t<\/div>\n\t\t\t\t<\/div>\n\t\t\t\t<section class=\"elementor-section elementor-inner-section elementor-element elementor-element-15e02941 elementor-section-content-top elementor-section-boxed elementor-section-height-default elementor-section-height-default elementor-invisible\" data-id=\"15e02941\" data-element_type=\"section\" data-settings=\"{&quot;animation&quot;:&quot;fadeIn&quot;}\">\n\t\t\t\t\t\t<div class=\"elementor-container elementor-column-gap-no\">\n\t\t\t\t\t<div class=\"elementor-column elementor-col-50 elementor-inner-column elementor-element elementor-element-5bdc9099\" data-id=\"5bdc9099\" data-element_type=\"column\">\n\t\t\t<div class=\"elementor-widget-wrap elementor-element-populated\">\n\t\t\t\t\t\t<div class=\"elementor-element elementor-element-7407d632 elementor-widget elementor-widget-heading\" data-id=\"7407d632\" data-element_type=\"widget\" data-widget_type=\"heading.default\">\n\t\t\t\t<div class=\"elementor-widget-container\">\n\t\t\t\t\t<h4 class=\"elementor-heading-title elementor-size-default\">1998<\/h4>\t\t\t\t<\/div>\n\t\t\t\t<\/div>\n\t\t\t\t<div class=\"elementor-element elementor-element-2d52bb5f elementor-widget-divider--view-line elementor-widget elementor-widget-divider\" data-id=\"2d52bb5f\" data-element_type=\"widget\" data-widget_type=\"divider.default\">\n\t\t\t\t<div class=\"elementor-widget-container\">\n\t\t\t\t\t\t\t<div class=\"elementor-divider\">\n\t\t\t<span class=\"elementor-divider-separator\">\n\t\t\t\t\t\t<\/span>\n\t\t<\/div>\n\t\t\t\t\t\t<\/div>\n\t\t\t\t<\/div>\n\t\t\t\t\t<\/div>\n\t\t<\/div>\n\t\t\t\t<div class=\"elementor-column elementor-col-50 elementor-inner-column elementor-element elementor-element-db05b37\" data-id=\"db05b37\" data-element_type=\"column\">\n\t\t\t<div class=\"elementor-widget-wrap elementor-element-populated\">\n\t\t\t\t\t\t<div class=\"elementor-element elementor-element-0c616cb elementor-widget elementor-widget-text-editor\" data-id=\"0c616cb\" data-element_type=\"widget\" data-widget_type=\"text-editor.default\">\n\t\t\t\t<div class=\"elementor-widget-container\">\n\t\t\t\t\t\t\t\t\t<p>Jedna kancel\u00e1\u0159 a jedna m\u00edstnost jako sklad<\/p><p>Prvn\u00ed ko\u010d\u00e1rek Buggyy<\/p><p>Prvn\u00ed autoseda\u010dka Star Max<\/p>\t\t\t\t\t\t\t\t<\/div>\n\t\t\t\t<\/div>\n\t\t\t\t\t<\/div>\n\t\t<\/div>\n\t\t\t\t\t<\/div>\n\t\t<\/section>\n\t\t\t\t<section class=\"elementor-section elementor-inner-section elementor-element elementor-element-57d0e3d elementor-section-content-top elementor-section-boxed elementor-section-height-default elementor-section-height-default elementor-invisible\" data-id=\"57d0e3d\" data-element_type=\"section\" data-settings=\"{&quot;animation&quot;:&quot;fadeIn&quot;,&quot;animation_delay&quot;:200}\">\n\t\t\t\t\t\t<div class=\"elementor-container elementor-column-gap-no\">\n\t\t\t\t\t<div class=\"elementor-column elementor-col-50 elementor-inner-column elementor-element elementor-element-460b474\" data-id=\"460b474\" data-element_type=\"column\">\n\t\t\t<div class=\"elementor-widget-wrap elementor-element-populated\">\n\t\t\t\t\t\t<div class=\"elementor-element elementor-element-4cd518b elementor-widget elementor-widget-heading\" data-id=\"4cd518b\" data-element_type=\"widget\" data-widget_type=\"heading.default\">\n\t\t\t\t<div class=\"elementor-widget-container\">\n\t\t\t\t\t<h4 class=\"elementor-heading-title elementor-size-default\">2003<\/h4>\t\t\t\t<\/div>\n\t\t\t\t<\/div>\n\t\t\t\t<div class=\"elementor-element elementor-element-7e2056e elementor-widget-divider--view-line elementor-widget elementor-widget-divider\" data-id=\"7e2056e\" data-element_type=\"widget\" data-widget_type=\"divider.default\">\n\t\t\t\t<div class=\"elementor-widget-container\">\n\t\t\t\t\t\t\t<div class=\"elementor-divider\">\n\t\t\t<span class=\"elementor-divider-separator\">\n\t\t\t\t\t\t<\/span>\n\t\t<\/div>\n\t\t\t\t\t\t<\/div>\n\t\t\t\t<\/div>\n\t\t\t\t\t<\/div>\n\t\t<\/div>\n\t\t\t\t<div class=\"elementor-column elementor-col-50 elementor-inner-column elementor-element elementor-element-41cb28e\" data-id=\"41cb28e\" data-element_type=\"column\">\n\t\t\t<div class=\"elementor-widget-wrap elementor-element-populated\">\n\t\t\t\t\t\t<div class=\"elementor-element elementor-element-d3780dd elementor-widget elementor-widget-text-editor\" data-id=\"d3780dd\" data-element_type=\"widget\" data-widget_type=\"text-editor.default\">\n\t\t\t\t<div class=\"elementor-widget-container\">\n\t\t\t\t\t\t\t\t\t<p>St\u011bhov\u00e1n\u00ed do Mod\u0159ic do skladu s 2000 m<sup>2<\/sup><\/p><p>Roz\u0161\u00ed\u0159en\u00ed portfolia o j\u00eddeln\u00ed \u017eidli\u010dky a dal\u0161\u00ed produkty do v\u00fdbavi\u010dky<\/p>\t\t\t\t\t\t\t\t<\/div>\n\t\t\t\t<\/div>\n\t\t\t\t\t<\/div>\n\t\t<\/div>\n\t\t\t\t\t<\/div>\n\t\t<\/section>\n\t\t\t\t<section class=\"elementor-section elementor-inner-section elementor-element elementor-element-7c451ef elementor-section-content-top elementor-section-boxed elementor-section-height-default elementor-section-height-default elementor-invisible\" data-id=\"7c451ef\" data-element_type=\"section\" data-settings=\"{&quot;animation&quot;:&quot;fadeIn&quot;,&quot;animation_delay&quot;:400}\">\n\t\t\t\t\t\t<div class=\"elementor-container elementor-column-gap-no\">\n\t\t\t\t\t<div class=\"elementor-column elementor-col-50 elementor-inner-column elementor-element elementor-element-81dddc5\" data-id=\"81dddc5\" data-element_type=\"column\">\n\t\t\t<div class=\"elementor-widget-wrap elementor-element-populated\">\n\t\t\t\t\t\t<div class=\"elementor-element elementor-element-2a9793a elementor-widget elementor-widget-heading\" data-id=\"2a9793a\" data-element_type=\"widget\" data-widget_type=\"heading.default\">\n\t\t\t\t<div class=\"elementor-widget-container\">\n\t\t\t\t\t<h4 class=\"elementor-heading-title elementor-size-default\">2017<\/h4>\t\t\t\t<\/div>\n\t\t\t\t<\/div>\n\t\t\t\t<div class=\"elementor-element elementor-element-116daf7 elementor-widget-divider--view-line elementor-widget elementor-widget-divider\" data-id=\"116daf7\" data-element_type=\"widget\" data-widget_type=\"divider.default\">\n\t\t\t\t<div class=\"elementor-widget-container\">\n\t\t\t\t\t\t\t<div class=\"elementor-divider\">\n\t\t\t<span class=\"elementor-divider-separator\">\n\t\t\t\t\t\t<\/span>\n\t\t<\/div>\n\t\t\t\t\t\t<\/div>\n\t\t\t\t<\/div>\n\t\t\t\t\t<\/div>\n\t\t<\/div>\n\t\t\t\t<div class=\"elementor-column elementor-col-50 elementor-inner-column elementor-element elementor-element-5b2486c\" data-id=\"5b2486c\" data-element_type=\"column\">\n\t\t\t<div class=\"elementor-widget-wrap elementor-element-populated\">\n\t\t\t\t\t\t<div class=\"elementor-element elementor-element-f587af7 elementor-widget elementor-widget-text-editor\" data-id=\"f587af7\" data-element_type=\"widget\" data-widget_type=\"text-editor.default\">\n\t\t\t\t<div class=\"elementor-widget-container\">\n\t\t\t\t\t\t\t\t\t<p>Vyrobili jsme prv\u00ed autoseda\u010dku spl\u0148uj\u00edc\u00ed nejp\u0159\u00edsn\u011bj\u0161\u00ed bezpe\u010dnostn\u00ed normu i-Size<\/p>\t\t\t\t\t\t\t\t<\/div>\n\t\t\t\t<\/div>\n\t\t\t\t\t<\/div>\n\t\t<\/div>\n\t\t\t\t\t<\/div>\n\t\t<\/section>\n\t\t\t\t<section class=\"elementor-section elementor-inner-section elementor-element elementor-element-2e86cf7 elementor-section-content-top elementor-section-boxed elementor-section-height-default elementor-section-height-default elementor-invisible\" data-id=\"2e86cf7\" data-element_type=\"section\" data-settings=\"{&quot;animation&quot;:&quot;fadeIn&quot;,&quot;animation_delay&quot;:600}\">\n\t\t\t\t\t\t<div class=\"elementor-container elementor-column-gap-no\">\n\t\t\t\t\t<div class=\"elementor-column elementor-col-50 elementor-inner-column elementor-element elementor-element-6deb604\" data-id=\"6deb604\" data-element_type=\"column\">\n\t\t\t<div class=\"elementor-widget-wrap elementor-element-populated\">\n\t\t\t\t\t\t<div class=\"elementor-element elementor-element-f2afe76 elementor-widget elementor-widget-heading\" data-id=\"f2afe76\" data-element_type=\"widget\" data-widget_type=\"heading.default\">\n\t\t\t\t<div class=\"elementor-widget-container\">\n\t\t\t\t\t<h4 class=\"elementor-heading-title elementor-size-default\">2018<\/h4>\t\t\t\t<\/div>\n\t\t\t\t<\/div>\n\t\t\t\t<div class=\"elementor-element elementor-element-cb6d00a elementor-widget-divider--view-line elementor-widget elementor-widget-divider\" data-id=\"cb6d00a\" data-element_type=\"widget\" data-widget_type=\"divider.default\">\n\t\t\t\t<div class=\"elementor-widget-container\">\n\t\t\t\t\t\t\t<div class=\"elementor-divider\">\n\t\t\t<span class=\"elementor-divider-separator\">\n\t\t\t\t\t\t<\/span>\n\t\t<\/div>\n\t\t\t\t\t\t<\/div>\n\t\t\t\t<\/div>\n\t\t\t\t\t<\/div>\n\t\t<\/div>\n\t\t\t\t<div class=\"elementor-column elementor-col-50 elementor-inner-column elementor-element elementor-element-45687cf\" data-id=\"45687cf\" data-element_type=\"column\">\n\t\t\t<div class=\"elementor-widget-wrap elementor-element-populated\">\n\t\t\t\t\t\t<div class=\"elementor-element elementor-element-43102b9 elementor-widget elementor-widget-text-editor\" data-id=\"43102b9\" data-element_type=\"widget\" data-widget_type=\"text-editor.default\">\n\t\t\t\t<div class=\"elementor-widget-container\">\n\t\t\t\t\t\t\t\t\tRoz\u0161\u00ed\u0159ili jsme portfolio produkt\u016f o \u0159adu Mama care\t\t\t\t\t\t\t\t<\/div>\n\t\t\t\t<\/div>\n\t\t\t\t\t<\/div>\n\t\t<\/div>\n\t\t\t\t\t<\/div>\n\t\t<\/section>\n\t\t\t\t<section class=\"elementor-section elementor-inner-section elementor-element elementor-element-800b266 elementor-section-content-top elementor-section-boxed elementor-section-height-default elementor-section-height-default elementor-invisible\" data-id=\"800b266\" data-element_type=\"section\" data-settings=\"{&quot;animation&quot;:&quot;fadeIn&quot;,&quot;animation_delay&quot;:800}\">\n\t\t\t\t\t\t<div class=\"elementor-container elementor-column-gap-no\">\n\t\t\t\t\t<div class=\"elementor-column elementor-col-50 elementor-inner-column elementor-element elementor-element-76025e0\" data-id=\"76025e0\" data-element_type=\"column\">\n\t\t\t<div class=\"elementor-widget-wrap elementor-element-populated\">\n\t\t\t\t\t\t<div class=\"elementor-element elementor-element-cee9807 elementor-widget elementor-widget-heading\" data-id=\"cee9807\" data-element_type=\"widget\" data-widget_type=\"heading.default\">\n\t\t\t\t<div class=\"elementor-widget-container\">\n\t\t\t\t\t<h4 class=\"elementor-heading-title elementor-size-default\">2019<\/h4>\t\t\t\t<\/div>\n\t\t\t\t<\/div>\n\t\t\t\t<div class=\"elementor-element elementor-element-87e2ea7 elementor-widget-divider--view-line elementor-widget elementor-widget-divider\" data-id=\"87e2ea7\" data-element_type=\"widget\" data-widget_type=\"divider.default\">\n\t\t\t\t<div class=\"elementor-widget-container\">\n\t\t\t\t\t\t\t<div class=\"elementor-divider\">\n\t\t\t<span class=\"elementor-divider-separator\">\n\t\t\t\t\t\t<\/span>\n\t\t<\/div>\n\t\t\t\t\t\t<\/div>\n\t\t\t\t<\/div>\n\t\t\t\t\t<\/div>\n\t\t<\/div>\n\t\t\t\t<div class=\"elementor-column elementor-col-50 elementor-inner-column elementor-element elementor-element-6fd1924\" data-id=\"6fd1924\" data-element_type=\"column\">\n\t\t\t<div class=\"elementor-widget-wrap elementor-element-populated\">\n\t\t\t\t\t\t<div class=\"elementor-element elementor-element-b9b446a elementor-widget elementor-widget-text-editor\" data-id=\"b9b446a\" data-element_type=\"widget\" data-widget_type=\"text-editor.default\">\n\t\t\t\t<div class=\"elementor-widget-container\">\n\t\t\t\t\t\t\t\t\t<p>P\u0159est\u011bhovali jsme se do Tu\u0159an, kde m\u00e1me sklad o velikosti 10\u00a0000 m<sup>2<\/sup><\/p><p>M\u00e1me i-Size autoseda\u010dky (spl\u0148uj\u00edc\u00ed nejp\u0159\u00edsn\u011bj\u0161\u00ed bezpe\u010dnostn\u00ed normu) v\u0161ech kategori\u00ed \u2013 novorozeneckou, pokra\u010duj\u00edc\u00ed i pro v\u011bt\u0161\u00ed d\u011bti<\/p><p>Prod\u00e1v\u00e1me skrz velk\u00e9 mezin\u00e1rodn\u00ed port\u00e1ly jako Amazon, Mall, Alza<\/p>\t\t\t\t\t\t\t\t<\/div>\n\t\t\t\t<\/div>\n\t\t\t\t\t<\/div>\n\t\t<\/div>\n\t\t\t\t\t<\/div>\n\t\t<\/section>\n\t\t\t\t<section class=\"elementor-section elementor-inner-section elementor-element elementor-element-1878993 elementor-section-content-top elementor-section-boxed elementor-section-height-default elementor-section-height-default elementor-invisible\" data-id=\"1878993\" data-element_type=\"section\" data-settings=\"{&quot;animation&quot;:&quot;fadeIn&quot;,&quot;animation_delay&quot;:900}\">\n\t\t\t\t\t\t<div class=\"elementor-container elementor-column-gap-no\">\n\t\t\t\t\t<div class=\"elementor-column elementor-col-50 elementor-inner-column elementor-element elementor-element-a27a510\" data-id=\"a27a510\" data-element_type=\"column\">\n\t\t\t<div class=\"elementor-widget-wrap elementor-element-populated\">\n\t\t\t\t\t\t<div class=\"elementor-element elementor-element-4ec55fe elementor-widget elementor-widget-heading\" data-id=\"4ec55fe\" data-element_type=\"widget\" data-widget_type=\"heading.default\">\n\t\t\t\t<div class=\"elementor-widget-container\">\n\t\t\t\t\t<h4 class=\"elementor-heading-title elementor-size-default\">2020<\/h4>\t\t\t\t<\/div>\n\t\t\t\t<\/div>\n\t\t\t\t<div class=\"elementor-element elementor-element-e165b41 elementor-widget-divider--view-line elementor-widget elementor-widget-divider\" data-id=\"e165b41\" data-element_type=\"widget\" data-widget_type=\"divider.default\">\n\t\t\t\t<div class=\"elementor-widget-container\">\n\t\t\t\t\t\t\t<div class=\"elementor-divider\">\n\t\t\t<span class=\"elementor-divider-separator\">\n\t\t\t\t\t\t<\/span>\n\t\t<\/div>\n\t\t\t\t\t\t<\/div>\n\t\t\t\t<\/div>\n\t\t\t\t\t<\/div>\n\t\t<\/div>\n\t\t\t\t<div class=\"elementor-column elementor-col-50 elementor-inner-column elementor-element elementor-element-844a0a5\" data-id=\"844a0a5\" data-element_type=\"column\">\n\t\t\t<div class=\"elementor-widget-wrap elementor-element-populated\">\n\t\t\t\t\t\t<div class=\"elementor-element elementor-element-967cc9e elementor-widget elementor-widget-text-editor\" data-id=\"967cc9e\" data-element_type=\"widget\" data-widget_type=\"text-editor.default\">\n\t\t\t\t<div class=\"elementor-widget-container\">\n\t\t\t\t\t\t\t\t\tExpandujeme do dal\u0161\u00edch zem\u00ed i mimo Evropu. St\u00e1le si v\u0161ak zachov\u00e1v\u00e1me atmosf\u00e9ru rodinn\u00e9 firmy\t\t\t\t\t\t\t\t<\/div>\n\t\t\t\t<\/div>\n\t\t\t\t\t<\/div>\n\t\t<\/div>\n\t\t\t\t\t<\/div>\n\t\t<\/section>\n\t\t\t\t\t<\/div>\n\t\t<\/div>\n\t\t\t\t\t<\/div>\n\t\t<\/section>\n\t\t\t\t<\/div>","protected":false},"excerpt":{"rendered":"<p>V\u00edtejte v\u00a0na\u0161\u00ed Zopa rodin\u011b Sv\u011btov\u00e1 firma s\u00a0rodinnou atmosf\u00e9rou Spole\u010dn\u011b ji neust\u00e1le rozv\u00edj\u00ed a z \u201egar\u00e1\u017eov\u00e9\u201c firmy se stala spole\u010dnost s\u00a0des\u00edtkami zam\u011bstnanc\u016f, kter\u00e1 m\u00e1 zastoupen\u00ed po cel\u00e9 Evrop\u011b a expanduje d\u00e1l do sv\u011bta. Po\u0159\u00e1d u n\u00e1s ale najdete pohodovou atmosf\u00e9ru rodinn\u00e9 firmy. Od ko\u010d\u00e1rku po odr\u00e1\u017eedlo: praktick\u00e1 i z\u00e1bavn\u00e1 v\u00fdbavi\u010dka Tak\u00e9 filosofie firmy z\u016fst\u00e1v\u00e1 st\u00e1le stejn\u00e1: [&hellip;]<\/p>\n","protected":false},"author":1,"featured_media":0,"parent":0,"menu_order":0,"comment_status":"closed","ping_status":"closed","template":"","meta":{"_acf_changed":false,"footnotes":""},"class_list":["post-1490","page","type-page","status-publish","hentry"],"acf":[],"_links":{"self":[{"href":"https:\/\/zopadesign.com\/sk\/wp-json\/wp\/v2\/pages\/1490","targetHints":{"allow":["GET"]}}],"collection":[{"href":"https:\/\/zopadesign.com\/sk\/wp-json\/wp\/v2\/pages"}],"about":[{"href":"https:\/\/zopadesign.com\/sk\/wp-json\/wp\/v2\/types\/page"}],"author":[{"embeddable":true,"href":"https:\/\/zopadesign.com\/sk\/wp-json\/wp\/v2\/users\/1"}],"replies":[{"embeddable":true,"href":"https:\/\/zopadesign.com\/sk\/wp-json\/wp\/v2\/comments?post=1490"}],"version-history":[{"count":43,"href":"https:\/\/zopadesign.com\/sk\/wp-json\/wp\/v2\/pages\/1490\/revisions"}],"predecessor-version":[{"id":13764,"href":"https:\/\/zopadesign.com\/sk\/wp-json\/wp\/v2\/pages\/1490\/revisions\/13764"}],"wp:attachment":[{"href":"https:\/\/zopadesign.com\/sk\/wp-json\/wp\/v2\/media?parent=1490"}],"curies":[{"name":"wp","href":"https:\/\/api.w.org\/{rel}","templated":true}]}}