{"id":953,"date":"2022-05-01T16:14:35","date_gmt":"2022-05-01T14:14:35","guid":{"rendered":"https:\/\/zopadesign.com\/?page_id=953"},"modified":"2023-07-03T11:22:50","modified_gmt":"2023-07-03T09:22:50","slug":"child","status":"publish","type":"page","link":"https:\/\/zopadesign.com\/en\/child\/","title":{"rendered":"Child"},"content":{"rendered":"<div data-elementor-type=\"wp-page\" data-elementor-id=\"953\" class=\"elementor elementor-953\" data-elementor-post-type=\"page\">\n\t\t\t\t\t\t<section class=\"elementor-section elementor-top-section elementor-element elementor-element-072f88e elementor-section-boxed elementor-section-height-default elementor-section-height-default\" data-id=\"072f88e\" data-element_type=\"section\" data-settings=\"{&quot;background_background&quot;:&quot;classic&quot;}\">\n\t\t\t\t\t\t\t<div class=\"elementor-background-overlay\"><\/div>\n\t\t\t\t\t\t\t<div class=\"elementor-container elementor-column-gap-default\">\n\t\t\t\t\t<div class=\"elementor-column elementor-col-100 elementor-top-column elementor-element elementor-element-f30175e\" data-id=\"f30175e\" data-element_type=\"column\">\n\t\t\t<div class=\"elementor-widget-wrap elementor-element-populated\">\n\t\t\t\t\t\t<div class=\"elementor-element elementor-element-c39c285 elementor-widget elementor-widget-heading\" data-id=\"c39c285\" data-element_type=\"widget\" data-widget_type=\"heading.default\">\n\t\t\t\t<div class=\"elementor-widget-container\">\n\t\t\t\t\t<h1 class=\"elementor-heading-title elementor-size-default\">Child<\/h1>\t\t\t\t<\/div>\n\t\t\t\t<\/div>\n\t\t\t\t\t<\/div>\n\t\t<\/div>\n\t\t\t\t\t<\/div>\n\t\t<\/section>\n\t\t\t\t<section class=\"elementor-section elementor-top-section elementor-element elementor-element-2bec5c9 elementor-section-boxed elementor-section-height-default elementor-section-height-default\" data-id=\"2bec5c9\" data-element_type=\"section\">\n\t\t\t\t\t\t<div class=\"elementor-container elementor-column-gap-default\">\n\t\t\t\t\t<div class=\"elementor-column elementor-col-50 elementor-top-column elementor-element elementor-element-abcada9\" data-id=\"abcada9\" data-element_type=\"column\" data-settings=\"{&quot;background_background&quot;:&quot;classic&quot;}\">\n\t\t\t<div class=\"elementor-widget-wrap elementor-element-populated\">\n\t\t\t\t\t\t<div class=\"elementor-element elementor-element-a35ed19 elementor-widget elementor-widget-heading\" data-id=\"a35ed19\" data-element_type=\"widget\" data-widget_type=\"heading.default\">\n\t\t\t\t<div class=\"elementor-widget-container\">\n\t\t\t\t\t<h3 class=\"elementor-heading-title elementor-size-default\">Categories<\/h3>\t\t\t\t<\/div>\n\t\t\t\t<\/div>\n\t\t\t\t<div class=\"elementor-element elementor-element-13dfd98 elementor-widget elementor-widget-zopa-blog-categories\" data-id=\"13dfd98\" data-element_type=\"widget\" data-widget_type=\"zopa-blog-categories.default\">\n\t\t\t\t<div class=\"elementor-widget-container\">\n\t\t\t\t\t<a href=\"https:\/\/zopadesign.com\/en\/blog\/\" class=\"zp-blogCategoryLink\">All posts<\/a><a href=\"https:\/\/zopadesign.com\/en\/aktuality\/\" class=\"zp-blogCategoryLink\">Aktuality<\/a><a href=\"https:\/\/zopadesign.com\/en\/baby-toddler\/\" class=\"zp-blogCategoryLink\">Toddler<\/a><a href=\"https:\/\/zopadesign.com\/en\/child\/\" class=\"active zp-blogCategoryLink\">Child<\/a><a href=\"https:\/\/zopadesign.com\/en\/kojenec\/\" class=\"zp-blogCategoryLink\">Kojenec<\/a><a href=\"https:\/\/zopadesign.com\/en\/tehotenstvi\/\" class=\"zp-blogCategoryLink\">T\u011bhotenstv\u00ed<\/a>\t\t\t\t<\/div>\n\t\t\t\t<\/div>\n\t\t\t\t\t<\/div>\n\t\t<\/div>\n\t\t\t\t<div class=\"elementor-column elementor-col-50 elementor-top-column elementor-element elementor-element-afc0ed6\" data-id=\"afc0ed6\" data-element_type=\"column\">\n\t\t\t<div class=\"elementor-widget-wrap elementor-element-populated\">\n\t\t\t\t\t\t<div class=\"elementor-element elementor-element-ae6e6d0 elementor-grid-3 elementor-grid-tablet-2 elementor-grid-mobile-1 elementor-posts--thumbnail-top elementor-card-shadow-yes elementor-posts__hover-gradient elementor-widget elementor-widget-posts\" data-id=\"ae6e6d0\" data-element_type=\"widget\" data-settings=\"{&quot;cards_masonry&quot;:&quot;yes&quot;,&quot;cards_row_gap&quot;:{&quot;unit&quot;:&quot;px&quot;,&quot;size&quot;:20,&quot;sizes&quot;:[]},&quot;pagination_type&quot;:&quot;numbers&quot;,&quot;cards_columns&quot;:&quot;3&quot;,&quot;cards_columns_tablet&quot;:&quot;2&quot;,&quot;cards_columns_mobile&quot;:&quot;1&quot;,&quot;cards_row_gap_tablet&quot;:{&quot;unit&quot;:&quot;px&quot;,&quot;size&quot;:&quot;&quot;,&quot;sizes&quot;:[]},&quot;cards_row_gap_mobile&quot;:{&quot;unit&quot;:&quot;px&quot;,&quot;size&quot;:&quot;&quot;,&quot;sizes&quot;:[]}}\" data-widget_type=\"posts.cards\">\n\t\t\t\t<div class=\"elementor-widget-container\">\n\t\t\t\t\t\t\t<div class=\"elementor-posts-container elementor-posts elementor-posts--skin-cards elementor-grid\" role=\"list\">\n\t\t\t\t<article class=\"elementor-post elementor-grid-item post-12078 post type-post status-publish format-standard has-post-thumbnail hentry category-aktuality category-batole category-dite category-kojenec\" role=\"listitem\">\n\t\t\t<div class=\"elementor-post__card\">\n\t\t\t\t<a class=\"elementor-post__thumbnail__link\" href=\"https:\/\/zopadesign.com\/en\/blog\/rozzarte-kazdy-okamzik-se-silikonovymi-svetylky\/\" tabindex=\"-1\" ><div class=\"elementor-post__thumbnail\"><img fetchpriority=\"high\" decoding=\"async\" width=\"500\" height=\"500\" src=\"https:\/\/zopadesign.com\/wp-content\/uploads\/2025\/01\/ZOP086666-1-500x500.jpg\" class=\"attachment-thumbnail size-thumbnail wp-image-12079\" alt=\"\" \/><\/div><\/a>\n\t\t\t\t<div class=\"elementor-post__text\">\n\t\t\t\t<div class=\"elementor-post__title\">\n\t\t\t<a href=\"https:\/\/zopadesign.com\/en\/blog\/rozzarte-kazdy-okamzik-se-silikonovymi-svetylky\/\" >\n\t\t\t\tRozza\u0159te ka\u017ed\u00fd okam\u017eik se silikonov\u00fdmi sv\u011bt\u00fdlky\t\t\t<\/a>\n\t\t<\/div>\n\t\t\t\t<div class=\"elementor-post__excerpt\">\n\t\t\t<p>Ka\u017ed\u00fd d\u011btsk\u00fd pokoj je jin\u00fd, ale v\u0161echny spojuje jedno \u2013 je to m\u00edsto pln\u00e9 nezapomenuteln\u00fdch<\/p>\n\t\t<\/div>\n\t\t\n\t\t<a class=\"elementor-post__read-more\" href=\"https:\/\/zopadesign.com\/en\/blog\/rozzarte-kazdy-okamzik-se-silikonovymi-svetylky\/\" aria-label=\"Read more about Rozza\u0159te ka\u017ed\u00fd okam\u017eik se silikonov\u00fdmi sv\u011bt\u00fdlky\" tabindex=\"-1\" >\n\t\t\tView the article <i aria-hidden=\"true\" class=\"fas fa-angle-right\"><\/i>\t\t<\/a>\n\n\t\t\t\t<\/div>\n\t\t\t\t\t<\/div>\n\t\t<\/article>\n\t\t\t\t<article class=\"elementor-post elementor-grid-item post-10681 post type-post status-publish format-standard has-post-thumbnail hentry category-batole category-dite category-kojenec\" role=\"listitem\">\n\t\t\t<div class=\"elementor-post__card\">\n\t\t\t\t<a class=\"elementor-post__thumbnail__link\" href=\"https:\/\/zopadesign.com\/en\/blog\/prakticti-pomocnici-pro-klidne-usinani-a-ty-nejsladsi-sny\/\" tabindex=\"-1\" ><div class=\"elementor-post__thumbnail\"><img decoding=\"async\" width=\"500\" height=\"500\" src=\"https:\/\/zopadesign.com\/wp-content\/uploads\/2024\/09\/spinkani-500x500.jpg\" class=\"attachment-thumbnail size-thumbnail wp-image-10688\" alt=\"\" \/><\/div><\/a>\n\t\t\t\t<div class=\"elementor-post__text\">\n\t\t\t\t<div class=\"elementor-post__title\">\n\t\t\t<a href=\"https:\/\/zopadesign.com\/en\/blog\/prakticti-pomocnici-pro-klidne-usinani-a-ty-nejsladsi-sny\/\" >\n\t\t\t\tPrakti\u010dt\u00ed pomocn\u00edci pro klidn\u00e9 us\u00edn\u00e1n\u00ed a ty nejslad\u0161\u00ed sny\t\t\t<\/a>\n\t\t<\/div>\n\t\t\t\t<div class=\"elementor-post__excerpt\">\n\t\t\t<p>Sp\u00e1nek je pro d\u011bti nesm\u00edrn\u011b d\u016fle\u017eit\u00fd nejen pro jejich zdrav\u00fd r\u016fst, ale i pro spr\u00e1vn\u00fd<\/p>\n\t\t<\/div>\n\t\t\n\t\t<a class=\"elementor-post__read-more\" href=\"https:\/\/zopadesign.com\/en\/blog\/prakticti-pomocnici-pro-klidne-usinani-a-ty-nejsladsi-sny\/\" aria-label=\"Read more about Prakti\u010dt\u00ed pomocn\u00edci pro klidn\u00e9 us\u00edn\u00e1n\u00ed a ty nejslad\u0161\u00ed sny\" tabindex=\"-1\" >\n\t\t\tView the article <i aria-hidden=\"true\" class=\"fas fa-angle-right\"><\/i>\t\t<\/a>\n\n\t\t\t\t<\/div>\n\t\t\t\t\t<\/div>\n\t\t<\/article>\n\t\t\t\t<article class=\"elementor-post elementor-grid-item post-10657 post type-post status-publish format-standard has-post-thumbnail hentry category-aktuality category-dite\" role=\"listitem\">\n\t\t\t<div class=\"elementor-post__card\">\n\t\t\t\t<a class=\"elementor-post__thumbnail__link\" href=\"https:\/\/zopadesign.com\/en\/blog\/zpatky-do-skoly-vybavte-sve-male-skolaky-vsim-potrebnym\/\" tabindex=\"-1\" ><div class=\"elementor-post__thumbnail\"><img decoding=\"async\" width=\"500\" height=\"500\" src=\"https:\/\/zopadesign.com\/wp-content\/uploads\/2024\/08\/zpatky_do_skoly_se_zopou-500x500.jpg\" class=\"attachment-thumbnail size-thumbnail wp-image-10658\" alt=\"\" \/><\/div><\/a>\n\t\t\t\t<div class=\"elementor-post__text\">\n\t\t\t\t<div class=\"elementor-post__title\">\n\t\t\t<a href=\"https:\/\/zopadesign.com\/en\/blog\/zpatky-do-skoly-vybavte-sve-male-skolaky-vsim-potrebnym\/\" >\n\t\t\t\tZp\u00e1tky do \u0161koly: Vybavte sv\u00e9 mal\u00e9 \u0161kol\u00e1ky v\u0161\u00edm pot\u0159ebn\u00fdm\t\t\t<\/a>\n\t\t<\/div>\n\t\t\t\t<div class=\"elementor-post__excerpt\">\n\t\t\t<p>Pr\u00e1zdniny se pomalu ch\u00fdl\u00ed ke konci a vy u\u017e ur\u010dit\u011b m\u00e1te plnou hlavu toho, jak<\/p>\n\t\t<\/div>\n\t\t\n\t\t<a class=\"elementor-post__read-more\" href=\"https:\/\/zopadesign.com\/en\/blog\/zpatky-do-skoly-vybavte-sve-male-skolaky-vsim-potrebnym\/\" aria-label=\"Read more about Zp\u00e1tky do \u0161koly: Vybavte sv\u00e9 mal\u00e9 \u0161kol\u00e1ky v\u0161\u00edm pot\u0159ebn\u00fdm\" tabindex=\"-1\" >\n\t\t\tView the article <i aria-hidden=\"true\" class=\"fas fa-angle-right\"><\/i>\t\t<\/a>\n\n\t\t\t\t<\/div>\n\t\t\t\t\t<\/div>\n\t\t<\/article>\n\t\t\t\t<article class=\"elementor-post elementor-grid-item post-10634 post type-post status-publish format-standard has-post-thumbnail hentry category-aktuality category-batole category-dite\" role=\"listitem\">\n\t\t\t<div class=\"elementor-post__card\">\n\t\t\t\t<a class=\"elementor-post__thumbnail__link\" href=\"https:\/\/zopadesign.com\/en\/blog\/jak-na-bezpecny-domov\/\" tabindex=\"-1\" ><div class=\"elementor-post__thumbnail\"><img loading=\"lazy\" decoding=\"async\" width=\"500\" height=\"500\" src=\"https:\/\/zopadesign.com\/wp-content\/uploads\/2024\/08\/zabrana_mona_compact-500x500.jpg\" class=\"attachment-thumbnail size-thumbnail wp-image-10636\" alt=\"\" \/><\/div><\/a>\n\t\t\t\t<div class=\"elementor-post__text\">\n\t\t\t\t<div class=\"elementor-post__title\">\n\t\t\t<a href=\"https:\/\/zopadesign.com\/en\/blog\/jak-na-bezpecny-domov\/\" >\n\t\t\t\tJak na bezpe\u010dn\u00fd domov?\t\t\t<\/a>\n\t\t<\/div>\n\t\t\t\t<div class=\"elementor-post__excerpt\">\n\t\t\t<p>D\u011bti jsou p\u0159irozen\u011b zv\u00eddav\u00e9 a jejich neust\u00e1l\u00e9 objevov\u00e1n\u00ed okoln\u00edho sv\u011bta m\u016f\u017ee n\u011bkdy v\u00e9st k ne\u010dekan\u00fdm<\/p>\n\t\t<\/div>\n\t\t\n\t\t<a class=\"elementor-post__read-more\" href=\"https:\/\/zopadesign.com\/en\/blog\/jak-na-bezpecny-domov\/\" aria-label=\"Read more about Jak na bezpe\u010dn\u00fd domov?\" tabindex=\"-1\" >\n\t\t\tView the article <i aria-hidden=\"true\" class=\"fas fa-angle-right\"><\/i>\t\t<\/a>\n\n\t\t\t\t<\/div>\n\t\t\t\t\t<\/div>\n\t\t<\/article>\n\t\t\t\t<article class=\"elementor-post elementor-grid-item post-5820 post type-post status-publish format-standard has-post-thumbnail hentry category-batole category-dite category-kojenec\" role=\"listitem\">\n\t\t\t<div class=\"elementor-post__card\">\n\t\t\t\t<a class=\"elementor-post__thumbnail__link\" href=\"https:\/\/zopadesign.com\/en\/blog\/novinka-vychytana-vybavicka-do-auta\/\" tabindex=\"-1\" ><div class=\"elementor-post__thumbnail\"><img loading=\"lazy\" decoding=\"async\" width=\"500\" height=\"500\" src=\"https:\/\/zopadesign.com\/wp-content\/uploads\/2022\/11\/led_zrcatko-500x500.jpg\" class=\"attachment-thumbnail size-thumbnail wp-image-10166\" alt=\"\" \/><\/div><\/a>\n\t\t\t\t<div class=\"elementor-post__text\">\n\t\t\t\t<div class=\"elementor-post__title\">\n\t\t\t<a href=\"https:\/\/zopadesign.com\/en\/blog\/novinka-vychytana-vybavicka-do-auta\/\" >\n\t\t\t\tVychytan\u00e1 v\u00fdbavi\u010dka do auta\t\t\t<\/a>\n\t\t<\/div>\n\t\t\t\t<div class=\"elementor-post__excerpt\">\n\t\t\t<p>Tak jsme jednou zase dali hlavy dohromady a zap\u0159em\u00fd\u0161leli, jak m\u016f\u017eeme zp\u0159\u00edjemnit cestov\u00e1n\u00ed autem s\u00a0d\u011btmi.<\/p>\n\t\t<\/div>\n\t\t\n\t\t<a class=\"elementor-post__read-more\" href=\"https:\/\/zopadesign.com\/en\/blog\/novinka-vychytana-vybavicka-do-auta\/\" aria-label=\"Read more about Vychytan\u00e1 v\u00fdbavi\u010dka do auta\" tabindex=\"-1\" >\n\t\t\tView the article <i aria-hidden=\"true\" class=\"fas fa-angle-right\"><\/i>\t\t<\/a>\n\n\t\t\t\t<\/div>\n\t\t\t\t\t<\/div>\n\t\t<\/article>\n\t\t\t\t<article class=\"elementor-post elementor-grid-item post-8320 post type-post status-publish format-standard has-post-thumbnail hentry category-batole category-dite category-kojenec\" role=\"listitem\">\n\t\t\t<div class=\"elementor-post__card\">\n\t\t\t\t<a class=\"elementor-post__thumbnail__link\" href=\"https:\/\/zopadesign.com\/en\/blog\/najdete-ten-pravy-darek-inspirace-z-jeziskovi-dilny\/\" tabindex=\"-1\" ><div class=\"elementor-post__thumbnail\"><img loading=\"lazy\" decoding=\"async\" width=\"500\" height=\"500\" src=\"https:\/\/zopadesign.com\/wp-content\/uploads\/2023\/11\/2023_zopa_blog_vanoce-drevo-500x500.jpg\" class=\"attachment-thumbnail size-thumbnail wp-image-8321\" alt=\"\" \/><\/div><\/a>\n\t\t\t\t<div class=\"elementor-post__text\">\n\t\t\t\t<div class=\"elementor-post__title\">\n\t\t\t<a href=\"https:\/\/zopadesign.com\/en\/blog\/najdete-ten-pravy-darek-inspirace-z-jeziskovi-dilny\/\" >\n\t\t\t\tNajd\u011bte ten prav\u00fd d\u00e1rek: Inspirace z Je\u017e\u00ed\u0161kovy d\u00edlny\t\t\t<\/a>\n\t\t<\/div>\n\t\t\t\t<div class=\"elementor-post__excerpt\">\n\t\t\t<p>P\u0159ich\u00e1z\u00ed \u010das V\u00e1noc a s n\u00edm i vyb\u00edr\u00e1n\u00ed v\u00e1no\u010dn\u00edch d\u00e1rk\u016f pro va\u0161e nejmen\u0161\u00ed. Pokud hled\u00e1te<\/p>\n\t\t<\/div>\n\t\t\n\t\t<a class=\"elementor-post__read-more\" href=\"https:\/\/zopadesign.com\/en\/blog\/najdete-ten-pravy-darek-inspirace-z-jeziskovi-dilny\/\" aria-label=\"Read more about Najd\u011bte ten prav\u00fd d\u00e1rek: Inspirace z Je\u017e\u00ed\u0161kovy d\u00edlny\" tabindex=\"-1\" >\n\t\t\tView the article <i aria-hidden=\"true\" class=\"fas fa-angle-right\"><\/i>\t\t<\/a>\n\n\t\t\t\t<\/div>\n\t\t\t\t\t<\/div>\n\t\t<\/article>\n\t\t\t\t<article class=\"elementor-post elementor-grid-item post-8084 post type-post status-publish format-standard has-post-thumbnail hentry category-batole category-dite\" role=\"listitem\">\n\t\t\t<div class=\"elementor-post__card\">\n\t\t\t\t<a class=\"elementor-post__thumbnail__link\" href=\"https:\/\/zopadesign.com\/en\/blog\/hracky-ze-dreva-dokonala-zabava-pro-male-i-velke-deti\/\" tabindex=\"-1\" ><div class=\"elementor-post__thumbnail\"><img loading=\"lazy\" decoding=\"async\" width=\"500\" height=\"500\" src=\"https:\/\/zopadesign.com\/wp-content\/uploads\/2023\/10\/zopa_blog_foto-500x500.jpg\" class=\"attachment-thumbnail size-thumbnail wp-image-8085\" alt=\"\" \/><\/div><\/a>\n\t\t\t\t<div class=\"elementor-post__text\">\n\t\t\t\t<div class=\"elementor-post__title\">\n\t\t\t<a href=\"https:\/\/zopadesign.com\/en\/blog\/hracky-ze-dreva-dokonala-zabava-pro-male-i-velke-deti\/\" >\n\t\t\t\tHra\u010dky ze d\u0159eva: Dokonal\u00e1 z\u00e1bava pro mal\u00e9 i velk\u00e9 d\u011bti\t\t\t<\/a>\n\t\t<\/div>\n\t\t\t\t<div class=\"elementor-post__excerpt\">\n\t\t\t<p>V dne\u0161n\u00ed dob\u011b, kdy jsou na\u0161e d\u011bti obklopeny modern\u00edmi hra\u010dkami pln\u00fdmi elektroniky a plastu, se<\/p>\n\t\t<\/div>\n\t\t\n\t\t<a class=\"elementor-post__read-more\" href=\"https:\/\/zopadesign.com\/en\/blog\/hracky-ze-dreva-dokonala-zabava-pro-male-i-velke-deti\/\" aria-label=\"Read more about Hra\u010dky ze d\u0159eva: Dokonal\u00e1 z\u00e1bava pro mal\u00e9 i velk\u00e9 d\u011bti\" tabindex=\"-1\" >\n\t\t\tView the article <i aria-hidden=\"true\" class=\"fas fa-angle-right\"><\/i>\t\t<\/a>\n\n\t\t\t\t<\/div>\n\t\t\t\t\t<\/div>\n\t\t<\/article>\n\t\t\t\t<article class=\"elementor-post elementor-grid-item post-7962 post type-post status-publish format-standard has-post-thumbnail hentry category-batole category-dite category-kojenec\" role=\"listitem\">\n\t\t\t<div class=\"elementor-post__card\">\n\t\t\t\t<a class=\"elementor-post__thumbnail__link\" href=\"https:\/\/zopadesign.com\/en\/blog\/separacni-uzkost-u-nejmensich-jak-porozumet-strachu-z-oddeleni\/\" tabindex=\"-1\" ><div class=\"elementor-post__thumbnail\"><img loading=\"lazy\" decoding=\"async\" width=\"500\" height=\"500\" src=\"https:\/\/zopadesign.com\/wp-content\/uploads\/2023\/09\/2023_zopa_blog_separacni-uzkost-500x500.jpg\" class=\"attachment-thumbnail size-thumbnail wp-image-7965\" alt=\"\" \/><\/div><\/a>\n\t\t\t\t<div class=\"elementor-post__text\">\n\t\t\t\t<div class=\"elementor-post__title\">\n\t\t\t<a href=\"https:\/\/zopadesign.com\/en\/blog\/separacni-uzkost-u-nejmensich-jak-porozumet-strachu-z-oddeleni\/\" >\n\t\t\t\tSepara\u010dn\u00ed \u00fazkost u nejmen\u0161\u00edch: Jak porozum\u011bt strachu z odd\u011blen\u00ed\t\t\t<\/a>\n\t\t<\/div>\n\t\t\t\t<div class=\"elementor-post__excerpt\">\n\t\t\t<p>Separa\u010dn\u00ed \u00fazkost je psychick\u00fd stav, kter\u00fd se m\u016f\u017ee vyskytovat u d\u011bt\u00ed r\u016fzn\u00e9ho v\u011bku, vznik\u00e1 jako<\/p>\n\t\t<\/div>\n\t\t\n\t\t<a class=\"elementor-post__read-more\" href=\"https:\/\/zopadesign.com\/en\/blog\/separacni-uzkost-u-nejmensich-jak-porozumet-strachu-z-oddeleni\/\" aria-label=\"Read more about Separa\u010dn\u00ed \u00fazkost u nejmen\u0161\u00edch: Jak porozum\u011bt strachu z odd\u011blen\u00ed\" tabindex=\"-1\" >\n\t\t\tView the article <i aria-hidden=\"true\" class=\"fas fa-angle-right\"><\/i>\t\t<\/a>\n\n\t\t\t\t<\/div>\n\t\t\t\t\t<\/div>\n\t\t<\/article>\n\t\t\t\t<article class=\"elementor-post elementor-grid-item post-7307 post type-post status-publish format-standard has-post-thumbnail hentry category-dite\" role=\"listitem\">\n\t\t\t<div class=\"elementor-post__card\">\n\t\t\t\t<a class=\"elementor-post__thumbnail__link\" href=\"https:\/\/zopadesign.com\/en\/blog\/jak-na-skolni-svaciny-ktere-budou-vase-deti-bavit\/\" tabindex=\"-1\" ><div class=\"elementor-post__thumbnail\"><img loading=\"lazy\" decoding=\"async\" width=\"500\" height=\"500\" src=\"https:\/\/zopadesign.com\/wp-content\/uploads\/2023\/09\/zopa_termosky_obr_1300x800-500x500.jpg\" class=\"attachment-thumbnail size-thumbnail wp-image-7310\" alt=\"\" \/><\/div><\/a>\n\t\t\t\t<div class=\"elementor-post__text\">\n\t\t\t\t<div class=\"elementor-post__title\">\n\t\t\t<a href=\"https:\/\/zopadesign.com\/en\/blog\/jak-na-skolni-svaciny-ktere-budou-vase-deti-bavit\/\" >\n\t\t\t\tJak na \u0161koln\u00ed sva\u010diny, kter\u00e9 budou va\u0161e d\u011bti bavit?\t\t\t<\/a>\n\t\t<\/div>\n\t\t\t\t<div class=\"elementor-post__excerpt\">\n\t\t\t<p>\u0160koln\u00ed sez\u00f3na znamen\u00e1 pro starostliv\u00e9 rodi\u010de ka\u017edodenn\u00ed p\u0159\u00edpravu lahodn\u00fdch sva\u010dinek! My pro v\u00e1s m\u00e1me super<\/p>\n\t\t<\/div>\n\t\t\n\t\t<a class=\"elementor-post__read-more\" href=\"https:\/\/zopadesign.com\/en\/blog\/jak-na-skolni-svaciny-ktere-budou-vase-deti-bavit\/\" aria-label=\"Read more about Jak na \u0161koln\u00ed sva\u010diny, kter\u00e9 budou va\u0161e d\u011bti bavit?\" tabindex=\"-1\" >\n\t\t\tView the article <i aria-hidden=\"true\" class=\"fas fa-angle-right\"><\/i>\t\t<\/a>\n\n\t\t\t\t<\/div>\n\t\t\t\t\t<\/div>\n\t\t<\/article>\n\t\t\t\t<article class=\"elementor-post elementor-grid-item post-6787 post type-post status-publish format-standard has-post-thumbnail hentry category-batole category-dite category-kojenec\" role=\"listitem\">\n\t\t\t<div class=\"elementor-post__card\">\n\t\t\t\t<a class=\"elementor-post__thumbnail__link\" href=\"https:\/\/zopadesign.com\/en\/blog\/jak-se-vyhnout-prehrati-u-deti-v-aute\/\" tabindex=\"-1\" ><div class=\"elementor-post__thumbnail\"><img loading=\"lazy\" decoding=\"async\" width=\"500\" height=\"500\" src=\"https:\/\/zopadesign.com\/wp-content\/uploads\/2023\/07\/prehrivani-deti-500x500.jpg\" class=\"attachment-thumbnail size-thumbnail wp-image-6800\" alt=\"\" \/><\/div><\/a>\n\t\t\t\t<div class=\"elementor-post__text\">\n\t\t\t\t<div class=\"elementor-post__title\">\n\t\t\t<a href=\"https:\/\/zopadesign.com\/en\/blog\/jak-se-vyhnout-prehrati-u-deti-v-aute\/\" >\n\t\t\t\tJak se vyhnout p\u0159eh\u0159\u00e1t\u00ed u d\u011bt\u00ed v aut\u011b\t\t\t<\/a>\n\t\t<\/div>\n\t\t\t\t<div class=\"elementor-post__excerpt\">\n\t\t\t<p>V l\u00e9t\u011b se teploty rychle zvy\u0161uj\u00ed a zvl\u00e1\u0161t\u011b v automobilu mohou dos\u00e1hnout nebezpe\u010dn\u00fdch hodnot. Je<\/p>\n\t\t<\/div>\n\t\t\n\t\t<a class=\"elementor-post__read-more\" href=\"https:\/\/zopadesign.com\/en\/blog\/jak-se-vyhnout-prehrati-u-deti-v-aute\/\" aria-label=\"Read more about Jak se vyhnout p\u0159eh\u0159\u00e1t\u00ed u d\u011bt\u00ed v aut\u011b\" tabindex=\"-1\" >\n\t\t\tView the article <i aria-hidden=\"true\" class=\"fas fa-angle-right\"><\/i>\t\t<\/a>\n\n\t\t\t\t<\/div>\n\t\t\t\t\t<\/div>\n\t\t<\/article>\n\t\t\t\t<article class=\"elementor-post elementor-grid-item post-6660 post type-post status-publish format-standard has-post-thumbnail hentry category-batole category-dite category-kojenec\" role=\"listitem\">\n\t\t\t<div class=\"elementor-post__card\">\n\t\t\t\t<a class=\"elementor-post__thumbnail__link\" href=\"https:\/\/zopadesign.com\/en\/blog\/uspesny-vylet-s-malymi-detmi-tipy-jak-na-nej\/\" tabindex=\"-1\" ><div class=\"elementor-post__thumbnail\"><img loading=\"lazy\" decoding=\"async\" width=\"500\" height=\"500\" src=\"https:\/\/zopadesign.com\/wp-content\/uploads\/2023\/05\/2023-05-ZOPA-termosky_1300x800-500x500.jpg\" class=\"attachment-thumbnail size-thumbnail wp-image-6665\" alt=\"\" \/><\/div><\/a>\n\t\t\t\t<div class=\"elementor-post__text\">\n\t\t\t\t<div class=\"elementor-post__title\">\n\t\t\t<a href=\"https:\/\/zopadesign.com\/en\/blog\/uspesny-vylet-s-malymi-detmi-tipy-jak-na-nej\/\" >\n\t\t\t\t\u00dasp\u011b\u0161n\u00fd v\u00fdlet s mal\u00fdmi d\u011btmi: Tipy, jak na n\u011bj!\t\t\t<\/a>\n\t\t<\/div>\n\t\t\t\t<div class=\"elementor-post__excerpt\">\n\t\t\t<p>Letn\u00ed v\u00fdlety s mal\u00fdmi d\u011btmi jsou skv\u011bl\u00fdm zp\u016fsobem, jak str\u00e1vit \u010das jako rodina. Ale p\u0159\u00edprava<\/p>\n\t\t<\/div>\n\t\t\n\t\t<a class=\"elementor-post__read-more\" href=\"https:\/\/zopadesign.com\/en\/blog\/uspesny-vylet-s-malymi-detmi-tipy-jak-na-nej\/\" aria-label=\"Read more about \u00dasp\u011b\u0161n\u00fd v\u00fdlet s mal\u00fdmi d\u011btmi: Tipy, jak na n\u011bj!\" tabindex=\"-1\" >\n\t\t\tView the article <i aria-hidden=\"true\" class=\"fas fa-angle-right\"><\/i>\t\t<\/a>\n\n\t\t\t\t<\/div>\n\t\t\t\t\t<\/div>\n\t\t<\/article>\n\t\t\t\t<article class=\"elementor-post elementor-grid-item post-6392 post type-post status-publish format-standard has-post-thumbnail hentry category-batole category-dite\" role=\"listitem\">\n\t\t\t<div class=\"elementor-post__card\">\n\t\t\t\t<a class=\"elementor-post__thumbnail__link\" href=\"https:\/\/zopadesign.com\/en\/blog\/vyhody-trikolek-pro-deti-proc-by-ji-melo-mit-i-vase-dite\/\" tabindex=\"-1\" ><div class=\"elementor-post__thumbnail\"><img loading=\"lazy\" decoding=\"async\" width=\"500\" height=\"500\" src=\"https:\/\/zopadesign.com\/wp-content\/uploads\/2023\/04\/ZOP031022_Nova_2_blog_uvodni-500x500.jpg\" class=\"attachment-thumbnail size-thumbnail wp-image-6393\" alt=\"\" \/><\/div><\/a>\n\t\t\t\t<div class=\"elementor-post__text\">\n\t\t\t\t<div class=\"elementor-post__title\">\n\t\t\t<a href=\"https:\/\/zopadesign.com\/en\/blog\/vyhody-trikolek-pro-deti-proc-by-ji-melo-mit-i-vase-dite\/\" >\n\t\t\t\tV\u00fdhody t\u0159\u00edkolek pro d\u011bti: Pro\u010d by j\u00ed m\u011blo m\u00edt i va\u0161e d\u00edt\u011b?\t\t\t<\/a>\n\t\t<\/div>\n\t\t\t\t<div class=\"elementor-post__excerpt\">\n\t\t\t<p>J\u00edzda na t\u0159\u00edkolce poskytuje d\u011btem mnoho v\u00fdhod, jak po str\u00e1nce fyzick\u00e9, tak i psychick\u00e9. Pro\u010d<\/p>\n\t\t<\/div>\n\t\t\n\t\t<a class=\"elementor-post__read-more\" href=\"https:\/\/zopadesign.com\/en\/blog\/vyhody-trikolek-pro-deti-proc-by-ji-melo-mit-i-vase-dite\/\" aria-label=\"Read more about V\u00fdhody t\u0159\u00edkolek pro d\u011bti: Pro\u010d by j\u00ed m\u011blo m\u00edt i va\u0161e d\u00edt\u011b?\" tabindex=\"-1\" >\n\t\t\tView the article <i aria-hidden=\"true\" class=\"fas fa-angle-right\"><\/i>\t\t<\/a>\n\n\t\t\t\t<\/div>\n\t\t\t\t\t<\/div>\n\t\t<\/article>\n\t\t\t\t<\/div>\n\t\t\n\t\t\t\t<div class=\"e-load-more-anchor\" data-page=\"1\" data-max-page=\"2\" data-next-page=\"https:\/\/zopadesign.com\/wp-json\/wp\/v2\/pages\/953\/page\/2\/\"><\/div>\n\t\t\t\t<nav class=\"elementor-pagination\" aria-label=\"Pagination\">\n\t\t\t<span aria-current=\"page\" class=\"page-numbers current\"><span class=\"elementor-screen-only\">Page<\/span>1<\/span>\n<a class=\"page-numbers\" href=\"https:\/\/zopadesign.com\/wp-json\/wp\/v2\/pages\/953\/page\/2\/\"><span class=\"elementor-screen-only\">Page<\/span>2<\/a>\t\t<\/nav>\n\t\t\t\t\t\t<\/div>\n\t\t\t\t<\/div>\n\t\t\t\t\t<\/div>\n\t\t<\/div>\n\t\t\t\t\t<\/div>\n\t\t<\/section>\n\t\t\t\t<\/div>","protected":false},"excerpt":{"rendered":"<p>D\u00edt\u011b Kategorie V\u0161echny \u010dl\u00e1nkyAktualityBatoleD\u00edt\u011bKojenecT\u011bhotenstv\u00ed<\/p>","protected":false},"author":1,"featured_media":0,"parent":0,"menu_order":0,"comment_status":"closed","ping_status":"closed","template":"","meta":{"_acf_changed":false,"footnotes":""},"class_list":["post-953","page","type-page","status-publish","hentry"],"acf":[],"_links":{"self":[{"href":"https:\/\/zopadesign.com\/en\/wp-json\/wp\/v2\/pages\/953","targetHints":{"allow":["GET"]}}],"collection":[{"href":"https:\/\/zopadesign.com\/en\/wp-json\/wp\/v2\/pages"}],"about":[{"href":"https:\/\/zopadesign.com\/en\/wp-json\/wp\/v2\/types\/page"}],"author":[{"embeddable":true,"href":"https:\/\/zopadesign.com\/en\/wp-json\/wp\/v2\/users\/1"}],"replies":[{"embeddable":true,"href":"https:\/\/zopadesign.com\/en\/wp-json\/wp\/v2\/comments?post=953"}],"version-history":[{"count":14,"href":"https:\/\/zopadesign.com\/en\/wp-json\/wp\/v2\/pages\/953\/revisions"}],"predecessor-version":[{"id":6782,"href":"https:\/\/zopadesign.com\/en\/wp-json\/wp\/v2\/pages\/953\/revisions\/6782"}],"wp:attachment":[{"href":"https:\/\/zopadesign.com\/en\/wp-json\/wp\/v2\/media?parent=953"}],"curies":[{"name":"wp","href":"https:\/\/api.w.org\/{rel}","templated":true}]}}