{"id":936,"date":"2022-05-01T16:04:07","date_gmt":"2022-05-01T14:04:07","guid":{"rendered":"https:\/\/zopadesign.com\/?page_id=936"},"modified":"2023-07-03T11:23:17","modified_gmt":"2023-07-03T09:23:17","slug":"baby-toddler","status":"publish","type":"page","link":"https:\/\/zopadesign.com\/en\/baby-toddler\/","title":{"rendered":"Toddler"},"content":{"rendered":"<div data-elementor-type=\"wp-page\" data-elementor-id=\"936\" class=\"elementor elementor-936\" data-elementor-post-type=\"page\">\n\t\t\t\t\t\t<section class=\"elementor-section elementor-top-section elementor-element elementor-element-072f88e elementor-section-boxed elementor-section-height-default elementor-section-height-default\" data-id=\"072f88e\" data-element_type=\"section\" data-settings=\"{&quot;background_background&quot;:&quot;classic&quot;}\">\n\t\t\t\t\t\t\t<div class=\"elementor-background-overlay\"><\/div>\n\t\t\t\t\t\t\t<div class=\"elementor-container elementor-column-gap-default\">\n\t\t\t\t\t<div class=\"elementor-column elementor-col-100 elementor-top-column elementor-element elementor-element-f30175e\" data-id=\"f30175e\" data-element_type=\"column\">\n\t\t\t<div class=\"elementor-widget-wrap elementor-element-populated\">\n\t\t\t\t\t\t<div class=\"elementor-element elementor-element-c39c285 elementor-widget elementor-widget-heading\" data-id=\"c39c285\" data-element_type=\"widget\" data-widget_type=\"heading.default\">\n\t\t\t\t<div class=\"elementor-widget-container\">\n\t\t\t\t\t<h1 class=\"elementor-heading-title elementor-size-default\">Toddler<\/h1>\t\t\t\t<\/div>\n\t\t\t\t<\/div>\n\t\t\t\t\t<\/div>\n\t\t<\/div>\n\t\t\t\t\t<\/div>\n\t\t<\/section>\n\t\t\t\t<section class=\"elementor-section elementor-top-section elementor-element elementor-element-2bec5c9 elementor-section-boxed elementor-section-height-default elementor-section-height-default\" data-id=\"2bec5c9\" data-element_type=\"section\">\n\t\t\t\t\t\t<div class=\"elementor-container elementor-column-gap-default\">\n\t\t\t\t\t<div class=\"elementor-column elementor-col-50 elementor-top-column elementor-element elementor-element-abcada9\" data-id=\"abcada9\" data-element_type=\"column\" data-settings=\"{&quot;background_background&quot;:&quot;classic&quot;}\">\n\t\t\t<div class=\"elementor-widget-wrap elementor-element-populated\">\n\t\t\t\t\t\t<div class=\"elementor-element elementor-element-a35ed19 elementor-widget elementor-widget-heading\" data-id=\"a35ed19\" data-element_type=\"widget\" data-widget_type=\"heading.default\">\n\t\t\t\t<div class=\"elementor-widget-container\">\n\t\t\t\t\t<h3 class=\"elementor-heading-title elementor-size-default\">Categories<\/h3>\t\t\t\t<\/div>\n\t\t\t\t<\/div>\n\t\t\t\t<div class=\"elementor-element elementor-element-21c31bf elementor-widget elementor-widget-zopa-blog-categories\" data-id=\"21c31bf\" data-element_type=\"widget\" data-widget_type=\"zopa-blog-categories.default\">\n\t\t\t\t<div class=\"elementor-widget-container\">\n\t\t\t\t\t<a href=\"https:\/\/zopadesign.com\/en\/blog\/\" class=\"zp-blogCategoryLink\">All posts<\/a><a href=\"https:\/\/zopadesign.com\/en\/aktuality\/\" class=\"zp-blogCategoryLink\">Aktuality<\/a><a href=\"https:\/\/zopadesign.com\/en\/baby-toddler\/\" class=\"active zp-blogCategoryLink\">Toddler<\/a><a href=\"https:\/\/zopadesign.com\/en\/child\/\" class=\"zp-blogCategoryLink\">Child<\/a><a href=\"https:\/\/zopadesign.com\/en\/kojenec\/\" class=\"zp-blogCategoryLink\">Kojenec<\/a><a href=\"https:\/\/zopadesign.com\/en\/tehotenstvi\/\" class=\"zp-blogCategoryLink\">T\u011bhotenstv\u00ed<\/a>\t\t\t\t<\/div>\n\t\t\t\t<\/div>\n\t\t\t\t\t<\/div>\n\t\t<\/div>\n\t\t\t\t<div class=\"elementor-column elementor-col-50 elementor-top-column elementor-element elementor-element-afc0ed6\" data-id=\"afc0ed6\" data-element_type=\"column\">\n\t\t\t<div class=\"elementor-widget-wrap elementor-element-populated\">\n\t\t\t\t\t\t<div class=\"elementor-element elementor-element-ae6e6d0 elementor-grid-3 elementor-grid-tablet-2 elementor-grid-mobile-1 elementor-posts--thumbnail-top elementor-card-shadow-yes elementor-posts__hover-gradient elementor-widget elementor-widget-posts\" data-id=\"ae6e6d0\" data-element_type=\"widget\" data-settings=\"{&quot;cards_masonry&quot;:&quot;yes&quot;,&quot;cards_row_gap&quot;:{&quot;unit&quot;:&quot;px&quot;,&quot;size&quot;:20,&quot;sizes&quot;:[]},&quot;pagination_type&quot;:&quot;numbers&quot;,&quot;cards_columns&quot;:&quot;3&quot;,&quot;cards_columns_tablet&quot;:&quot;2&quot;,&quot;cards_columns_mobile&quot;:&quot;1&quot;,&quot;cards_row_gap_tablet&quot;:{&quot;unit&quot;:&quot;px&quot;,&quot;size&quot;:&quot;&quot;,&quot;sizes&quot;:[]},&quot;cards_row_gap_mobile&quot;:{&quot;unit&quot;:&quot;px&quot;,&quot;size&quot;:&quot;&quot;,&quot;sizes&quot;:[]}}\" data-widget_type=\"posts.cards\">\n\t\t\t\t<div class=\"elementor-widget-container\">\n\t\t\t\t\t\t\t<div class=\"elementor-posts-container elementor-posts elementor-posts--skin-cards elementor-grid\" role=\"list\">\n\t\t\t\t<article class=\"elementor-post elementor-grid-item post-12519 post type-post status-publish format-standard has-post-thumbnail hentry category-aktuality category-batole\" role=\"listitem\">\n\t\t\t<div class=\"elementor-post__card\">\n\t\t\t\t<a class=\"elementor-post__thumbnail__link\" href=\"https:\/\/zopadesign.com\/en\/blog\/nova-trikolka-x-trike-pro-dobrodruzstvi-na-trech-kolech-zacina\/\" tabindex=\"-1\" ><div class=\"elementor-post__thumbnail\"><img fetchpriority=\"high\" decoding=\"async\" width=\"500\" height=\"500\" src=\"https:\/\/zopadesign.com\/wp-content\/uploads\/2025\/03\/x-trike-pro-500x500.jpg\" class=\"attachment-thumbnail size-thumbnail wp-image-12520\" alt=\"\" \/><\/div><\/a>\n\t\t\t\t<div class=\"elementor-post__text\">\n\t\t\t\t<div class=\"elementor-post__title\">\n\t\t\t<a href=\"https:\/\/zopadesign.com\/en\/blog\/nova-trikolka-x-trike-pro-dobrodruzstvi-na-trech-kolech-zacina\/\" >\n\t\t\t\tNov\u00e1 t\u0159\u00edkolka X Trike Pro: Dobrodru\u017estv\u00ed na t\u0159ech kolech za\u010d\u00edn\u00e1\t\t\t<\/a>\n\t\t<\/div>\n\t\t\t\t<div class=\"elementor-post__excerpt\">\n\t\t\t<p>Zapome\u0148te na volbu mezi prakti\u010dnost\u00ed, z\u00e1bavou a stylov\u00fdm designem \u2013 X Trike Pro otev\u00edr\u00e1 nov\u00e9<\/p>\n\t\t<\/div>\n\t\t\n\t\t<a class=\"elementor-post__read-more\" href=\"https:\/\/zopadesign.com\/en\/blog\/nova-trikolka-x-trike-pro-dobrodruzstvi-na-trech-kolech-zacina\/\" aria-label=\"Read more about Nov\u00e1 t\u0159\u00edkolka X Trike Pro: Dobrodru\u017estv\u00ed na t\u0159ech kolech za\u010d\u00edn\u00e1\" tabindex=\"-1\" >\n\t\t\tView the article <i aria-hidden=\"true\" class=\"fas fa-angle-right\"><\/i>\t\t<\/a>\n\n\t\t\t\t<\/div>\n\t\t\t\t\t<\/div>\n\t\t<\/article>\n\t\t\t\t<article class=\"elementor-post elementor-grid-item post-12078 post type-post status-publish format-standard has-post-thumbnail hentry category-aktuality category-batole category-dite category-kojenec\" role=\"listitem\">\n\t\t\t<div class=\"elementor-post__card\">\n\t\t\t\t<a class=\"elementor-post__thumbnail__link\" href=\"https:\/\/zopadesign.com\/en\/blog\/rozzarte-kazdy-okamzik-se-silikonovymi-svetylky\/\" tabindex=\"-1\" ><div class=\"elementor-post__thumbnail\"><img decoding=\"async\" width=\"500\" height=\"500\" src=\"https:\/\/zopadesign.com\/wp-content\/uploads\/2025\/01\/ZOP086666-1-500x500.jpg\" class=\"attachment-thumbnail size-thumbnail wp-image-12079\" alt=\"\" \/><\/div><\/a>\n\t\t\t\t<div class=\"elementor-post__text\">\n\t\t\t\t<div class=\"elementor-post__title\">\n\t\t\t<a href=\"https:\/\/zopadesign.com\/en\/blog\/rozzarte-kazdy-okamzik-se-silikonovymi-svetylky\/\" >\n\t\t\t\tRozza\u0159te ka\u017ed\u00fd okam\u017eik se silikonov\u00fdmi sv\u011bt\u00fdlky\t\t\t<\/a>\n\t\t<\/div>\n\t\t\t\t<div class=\"elementor-post__excerpt\">\n\t\t\t<p>Ka\u017ed\u00fd d\u011btsk\u00fd pokoj je jin\u00fd, ale v\u0161echny spojuje jedno \u2013 je to m\u00edsto pln\u00e9 nezapomenuteln\u00fdch<\/p>\n\t\t<\/div>\n\t\t\n\t\t<a class=\"elementor-post__read-more\" href=\"https:\/\/zopadesign.com\/en\/blog\/rozzarte-kazdy-okamzik-se-silikonovymi-svetylky\/\" aria-label=\"Read more about Rozza\u0159te ka\u017ed\u00fd okam\u017eik se silikonov\u00fdmi sv\u011bt\u00fdlky\" tabindex=\"-1\" >\n\t\t\tView the article <i aria-hidden=\"true\" class=\"fas fa-angle-right\"><\/i>\t\t<\/a>\n\n\t\t\t\t<\/div>\n\t\t\t\t\t<\/div>\n\t\t<\/article>\n\t\t\t\t<article class=\"elementor-post elementor-grid-item post-11458 post type-post status-publish format-standard has-post-thumbnail hentry category-aktuality category-batole\" role=\"listitem\">\n\t\t\t<div class=\"elementor-post__card\">\n\t\t\t\t<a class=\"elementor-post__thumbnail__link\" href=\"https:\/\/zopadesign.com\/en\/blog\/kreativni-hra-zacina-objevte-kouzlo-drevenych-hracek-pro-nejmensi\/\" tabindex=\"-1\" ><div class=\"elementor-post__thumbnail\"><img decoding=\"async\" width=\"500\" height=\"500\" src=\"https:\/\/zopadesign.com\/wp-content\/uploads\/2024\/11\/male_drevene_hracky-500x500.jpg\" class=\"attachment-thumbnail size-thumbnail wp-image-11459\" alt=\"\" \/><\/div><\/a>\n\t\t\t\t<div class=\"elementor-post__text\">\n\t\t\t\t<div class=\"elementor-post__title\">\n\t\t\t<a href=\"https:\/\/zopadesign.com\/en\/blog\/kreativni-hra-zacina-objevte-kouzlo-drevenych-hracek-pro-nejmensi\/\" >\n\t\t\t\tKreativn\u00ed hra za\u010d\u00edn\u00e1: Objevte kouzlo d\u0159ev\u011bn\u00fdch hra\u010dek pro nejmen\u0161\u00ed\t\t\t<\/a>\n\t\t<\/div>\n\t\t\t\t<div class=\"elementor-post__excerpt\">\n\t\t\t<p>Hra\u010dky ze d\u0159eva maj\u00ed dlouhou tradici \u2013 u\u017e na\u0161i prarodi\u010de si s nimi hr\u00e1vali, kdy\u017e<\/p>\n\t\t<\/div>\n\t\t\n\t\t<a class=\"elementor-post__read-more\" href=\"https:\/\/zopadesign.com\/en\/blog\/kreativni-hra-zacina-objevte-kouzlo-drevenych-hracek-pro-nejmensi\/\" aria-label=\"Read more about Kreativn\u00ed hra za\u010d\u00edn\u00e1: Objevte kouzlo d\u0159ev\u011bn\u00fdch hra\u010dek pro nejmen\u0161\u00ed\" tabindex=\"-1\" >\n\t\t\tView the article <i aria-hidden=\"true\" class=\"fas fa-angle-right\"><\/i>\t\t<\/a>\n\n\t\t\t\t<\/div>\n\t\t\t\t\t<\/div>\n\t\t<\/article>\n\t\t\t\t<article class=\"elementor-post elementor-grid-item post-11253 post type-post status-publish format-standard has-post-thumbnail hentry category-batole category-kojenec\" role=\"listitem\">\n\t\t\t<div class=\"elementor-post__card\">\n\t\t\t\t<a class=\"elementor-post__thumbnail__link\" href=\"https:\/\/zopadesign.com\/en\/blog\/pripravte-se-na-zimu-s-hrejivymi-fusaky-zopa-fluffy-a-fluffy-combi\/\" tabindex=\"-1\" ><div class=\"elementor-post__thumbnail\"><img loading=\"lazy\" decoding=\"async\" width=\"500\" height=\"500\" src=\"https:\/\/zopadesign.com\/wp-content\/uploads\/2024\/11\/ZOP019022_Fluffy_lfs_web_-13-500x500.jpg\" class=\"attachment-thumbnail size-thumbnail wp-image-11255\" alt=\"\" \/><\/div><\/a>\n\t\t\t\t<div class=\"elementor-post__text\">\n\t\t\t\t<div class=\"elementor-post__title\">\n\t\t\t<a href=\"https:\/\/zopadesign.com\/en\/blog\/pripravte-se-na-zimu-s-hrejivymi-fusaky-zopa-fluffy-a-fluffy-combi\/\" >\n\t\t\t\tP\u0159ipravte se na zimu s h\u0159ejiv\u00fdmi fusaky Zopa Fluffy a Fluffy Combi\t\t\t<\/a>\n\t\t<\/div>\n\t\t\t\t<div class=\"elementor-post__excerpt\">\n\t\t\t<p>S p\u0159\u00edchodem zimy a chladn\u011bj\u0161\u00edch dn\u00ed, kdy teploty klesnou k nule, se nemus\u00edte vzd\u00e1vat dlouh\u00fdch<\/p>\n\t\t<\/div>\n\t\t\n\t\t<a class=\"elementor-post__read-more\" href=\"https:\/\/zopadesign.com\/en\/blog\/pripravte-se-na-zimu-s-hrejivymi-fusaky-zopa-fluffy-a-fluffy-combi\/\" aria-label=\"Read more about P\u0159ipravte se na zimu s h\u0159ejiv\u00fdmi fusaky Zopa Fluffy a Fluffy Combi\" tabindex=\"-1\" >\n\t\t\tView the article <i aria-hidden=\"true\" class=\"fas fa-angle-right\"><\/i>\t\t<\/a>\n\n\t\t\t\t<\/div>\n\t\t\t\t\t<\/div>\n\t\t<\/article>\n\t\t\t\t<article class=\"elementor-post elementor-grid-item post-10681 post type-post status-publish format-standard has-post-thumbnail hentry category-batole category-dite category-kojenec\" role=\"listitem\">\n\t\t\t<div class=\"elementor-post__card\">\n\t\t\t\t<a class=\"elementor-post__thumbnail__link\" href=\"https:\/\/zopadesign.com\/en\/blog\/prakticti-pomocnici-pro-klidne-usinani-a-ty-nejsladsi-sny\/\" tabindex=\"-1\" ><div class=\"elementor-post__thumbnail\"><img loading=\"lazy\" decoding=\"async\" width=\"500\" height=\"500\" src=\"https:\/\/zopadesign.com\/wp-content\/uploads\/2024\/09\/spinkani-500x500.jpg\" class=\"attachment-thumbnail size-thumbnail wp-image-10688\" alt=\"\" \/><\/div><\/a>\n\t\t\t\t<div class=\"elementor-post__text\">\n\t\t\t\t<div class=\"elementor-post__title\">\n\t\t\t<a href=\"https:\/\/zopadesign.com\/en\/blog\/prakticti-pomocnici-pro-klidne-usinani-a-ty-nejsladsi-sny\/\" >\n\t\t\t\tPrakti\u010dt\u00ed pomocn\u00edci pro klidn\u00e9 us\u00edn\u00e1n\u00ed a ty nejslad\u0161\u00ed sny\t\t\t<\/a>\n\t\t<\/div>\n\t\t\t\t<div class=\"elementor-post__excerpt\">\n\t\t\t<p>Sp\u00e1nek je pro d\u011bti nesm\u00edrn\u011b d\u016fle\u017eit\u00fd nejen pro jejich zdrav\u00fd r\u016fst, ale i pro spr\u00e1vn\u00fd<\/p>\n\t\t<\/div>\n\t\t\n\t\t<a class=\"elementor-post__read-more\" href=\"https:\/\/zopadesign.com\/en\/blog\/prakticti-pomocnici-pro-klidne-usinani-a-ty-nejsladsi-sny\/\" aria-label=\"Read more about Prakti\u010dt\u00ed pomocn\u00edci pro klidn\u00e9 us\u00edn\u00e1n\u00ed a ty nejslad\u0161\u00ed sny\" tabindex=\"-1\" >\n\t\t\tView the article <i aria-hidden=\"true\" class=\"fas fa-angle-right\"><\/i>\t\t<\/a>\n\n\t\t\t\t<\/div>\n\t\t\t\t\t<\/div>\n\t\t<\/article>\n\t\t\t\t<article class=\"elementor-post elementor-grid-item post-10634 post type-post status-publish format-standard has-post-thumbnail hentry category-aktuality category-batole category-dite\" role=\"listitem\">\n\t\t\t<div class=\"elementor-post__card\">\n\t\t\t\t<a class=\"elementor-post__thumbnail__link\" href=\"https:\/\/zopadesign.com\/en\/blog\/jak-na-bezpecny-domov\/\" tabindex=\"-1\" ><div class=\"elementor-post__thumbnail\"><img loading=\"lazy\" decoding=\"async\" width=\"500\" height=\"500\" src=\"https:\/\/zopadesign.com\/wp-content\/uploads\/2024\/08\/zabrana_mona_compact-500x500.jpg\" class=\"attachment-thumbnail size-thumbnail wp-image-10636\" alt=\"\" \/><\/div><\/a>\n\t\t\t\t<div class=\"elementor-post__text\">\n\t\t\t\t<div class=\"elementor-post__title\">\n\t\t\t<a href=\"https:\/\/zopadesign.com\/en\/blog\/jak-na-bezpecny-domov\/\" >\n\t\t\t\tJak na bezpe\u010dn\u00fd domov?\t\t\t<\/a>\n\t\t<\/div>\n\t\t\t\t<div class=\"elementor-post__excerpt\">\n\t\t\t<p>D\u011bti jsou p\u0159irozen\u011b zv\u00eddav\u00e9 a jejich neust\u00e1l\u00e9 objevov\u00e1n\u00ed okoln\u00edho sv\u011bta m\u016f\u017ee n\u011bkdy v\u00e9st k ne\u010dekan\u00fdm<\/p>\n\t\t<\/div>\n\t\t\n\t\t<a class=\"elementor-post__read-more\" href=\"https:\/\/zopadesign.com\/en\/blog\/jak-na-bezpecny-domov\/\" aria-label=\"Read more about Jak na bezpe\u010dn\u00fd domov?\" tabindex=\"-1\" >\n\t\t\tView the article <i aria-hidden=\"true\" class=\"fas fa-angle-right\"><\/i>\t\t<\/a>\n\n\t\t\t\t<\/div>\n\t\t\t\t\t<\/div>\n\t\t<\/article>\n\t\t\t\t<article class=\"elementor-post elementor-grid-item post-10595 post type-post status-publish format-standard has-post-thumbnail hentry category-aktuality category-batole category-kojenec\" role=\"listitem\">\n\t\t\t<div class=\"elementor-post__card\">\n\t\t\t\t<a class=\"elementor-post__thumbnail__link\" href=\"https:\/\/zopadesign.com\/en\/blog\/slunecni-clona-na-kocarek-idealni-ochrana-pro-vase-dite-behem-letnich-prochazek\/\" tabindex=\"-1\" ><div class=\"elementor-post__thumbnail\"><img loading=\"lazy\" decoding=\"async\" width=\"500\" height=\"500\" src=\"https:\/\/zopadesign.com\/wp-content\/uploads\/2024\/07\/ZOP086020_QUEST_web_-5-500x500.jpg\" class=\"attachment-thumbnail size-thumbnail wp-image-10596\" alt=\"\" \/><\/div><\/a>\n\t\t\t\t<div class=\"elementor-post__text\">\n\t\t\t\t<div class=\"elementor-post__title\">\n\t\t\t<a href=\"https:\/\/zopadesign.com\/en\/blog\/slunecni-clona-na-kocarek-idealni-ochrana-pro-vase-dite-behem-letnich-prochazek\/\" >\n\t\t\t\tSlune\u010dn\u00ed clona na ko\u010d\u00e1rek: Ide\u00e1ln\u00ed ochrana pro va\u0161e d\u00edt\u011b b\u011bhem letn\u00edch proch\u00e1zek\t\t\t<\/a>\n\t\t<\/div>\n\t\t\t\t<div class=\"elementor-post__excerpt\">\n\t\t\t<p>Letn\u00ed po\u010das\u00ed p\u0159in\u00e1\u0161\u00ed hlavn\u011b dlouh\u00e9 radostn\u00e9 proch\u00e1zky s ko\u010d\u00e1rkem venku na \u010derstv\u00e9m vzduchu. Av\u0161ak s<\/p>\n\t\t<\/div>\n\t\t\n\t\t<a class=\"elementor-post__read-more\" href=\"https:\/\/zopadesign.com\/en\/blog\/slunecni-clona-na-kocarek-idealni-ochrana-pro-vase-dite-behem-letnich-prochazek\/\" aria-label=\"Read more about Slune\u010dn\u00ed clona na ko\u010d\u00e1rek: Ide\u00e1ln\u00ed ochrana pro va\u0161e d\u00edt\u011b b\u011bhem letn\u00edch proch\u00e1zek\" tabindex=\"-1\" >\n\t\t\tView the article <i aria-hidden=\"true\" class=\"fas fa-angle-right\"><\/i>\t\t<\/a>\n\n\t\t\t\t<\/div>\n\t\t\t\t\t<\/div>\n\t\t<\/article>\n\t\t\t\t<article class=\"elementor-post elementor-grid-item post-10212 post type-post status-publish format-standard has-post-thumbnail hentry category-aktuality category-batole category-kojenec\" role=\"listitem\">\n\t\t\t<div class=\"elementor-post__card\">\n\t\t\t\t<a class=\"elementor-post__thumbnail__link\" href=\"https:\/\/zopadesign.com\/en\/blog\/promente-kazdodenni-koupaci-rutinu-v-prijemny-ritual-se-skladaci-vanickou-aquatico\/\" tabindex=\"-1\" ><div class=\"elementor-post__thumbnail\"><img loading=\"lazy\" decoding=\"async\" width=\"500\" height=\"500\" src=\"https:\/\/zopadesign.com\/wp-content\/uploads\/2024\/07\/vanicka_aquatico-500x500.jpg\" class=\"attachment-thumbnail size-thumbnail wp-image-10213\" alt=\"\" \/><\/div><\/a>\n\t\t\t\t<div class=\"elementor-post__text\">\n\t\t\t\t<div class=\"elementor-post__title\">\n\t\t\t<a href=\"https:\/\/zopadesign.com\/en\/blog\/promente-kazdodenni-koupaci-rutinu-v-prijemny-ritual-se-skladaci-vanickou-aquatico\/\" >\n\t\t\t\tProm\u011b\u0148te ka\u017edodenn\u00ed koupac\u00ed rutinu v p\u0159\u00edjemn\u00fd ritu\u00e1l se skl\u00e1dac\u00ed vani\u010dkou Aquatico\t\t\t<\/a>\n\t\t<\/div>\n\t\t\t\t<div class=\"elementor-post__excerpt\">\n\t\t\t<p>Mezi z\u00e1kladn\u00ed v\u00fdbavou pro miminko pat\u0159\u00ed bezesporu i vani\u010dka. Ale co kdy\u017e bojujete s nedostatkem<\/p>\n\t\t<\/div>\n\t\t\n\t\t<a class=\"elementor-post__read-more\" href=\"https:\/\/zopadesign.com\/en\/blog\/promente-kazdodenni-koupaci-rutinu-v-prijemny-ritual-se-skladaci-vanickou-aquatico\/\" aria-label=\"Read more about Prom\u011b\u0148te ka\u017edodenn\u00ed koupac\u00ed rutinu v p\u0159\u00edjemn\u00fd ritu\u00e1l se skl\u00e1dac\u00ed vani\u010dkou Aquatico\" tabindex=\"-1\" >\n\t\t\tView the article <i aria-hidden=\"true\" class=\"fas fa-angle-right\"><\/i>\t\t<\/a>\n\n\t\t\t\t<\/div>\n\t\t\t\t\t<\/div>\n\t\t<\/article>\n\t\t\t\t<article class=\"elementor-post elementor-grid-item post-5820 post type-post status-publish format-standard has-post-thumbnail hentry category-batole category-dite category-kojenec\" role=\"listitem\">\n\t\t\t<div class=\"elementor-post__card\">\n\t\t\t\t<a class=\"elementor-post__thumbnail__link\" href=\"https:\/\/zopadesign.com\/en\/blog\/novinka-vychytana-vybavicka-do-auta\/\" tabindex=\"-1\" ><div class=\"elementor-post__thumbnail\"><img loading=\"lazy\" decoding=\"async\" width=\"500\" height=\"500\" src=\"https:\/\/zopadesign.com\/wp-content\/uploads\/2022\/11\/led_zrcatko-500x500.jpg\" class=\"attachment-thumbnail size-thumbnail wp-image-10166\" alt=\"\" \/><\/div><\/a>\n\t\t\t\t<div class=\"elementor-post__text\">\n\t\t\t\t<div class=\"elementor-post__title\">\n\t\t\t<a href=\"https:\/\/zopadesign.com\/en\/blog\/novinka-vychytana-vybavicka-do-auta\/\" >\n\t\t\t\tVychytan\u00e1 v\u00fdbavi\u010dka do auta\t\t\t<\/a>\n\t\t<\/div>\n\t\t\t\t<div class=\"elementor-post__excerpt\">\n\t\t\t<p>Tak jsme jednou zase dali hlavy dohromady a zap\u0159em\u00fd\u0161leli, jak m\u016f\u017eeme zp\u0159\u00edjemnit cestov\u00e1n\u00ed autem s\u00a0d\u011btmi.<\/p>\n\t\t<\/div>\n\t\t\n\t\t<a class=\"elementor-post__read-more\" href=\"https:\/\/zopadesign.com\/en\/blog\/novinka-vychytana-vybavicka-do-auta\/\" aria-label=\"Read more about Vychytan\u00e1 v\u00fdbavi\u010dka do auta\" tabindex=\"-1\" >\n\t\t\tView the article <i aria-hidden=\"true\" class=\"fas fa-angle-right\"><\/i>\t\t<\/a>\n\n\t\t\t\t<\/div>\n\t\t\t\t\t<\/div>\n\t\t<\/article>\n\t\t\t\t<article class=\"elementor-post elementor-grid-item post-5896 post type-post status-publish format-standard has-post-thumbnail hentry category-batole category-kojenec\" role=\"listitem\">\n\t\t\t<div class=\"elementor-post__card\">\n\t\t\t\t<a class=\"elementor-post__thumbnail__link\" href=\"https:\/\/zopadesign.com\/en\/blog\/stastne-a-bezpecne-aneb-jak-na-vanocni-pripravy-s-nejmensimi\/\" tabindex=\"-1\" ><div class=\"elementor-post__thumbnail\"><img loading=\"lazy\" decoding=\"async\" width=\"500\" height=\"500\" src=\"https:\/\/zopadesign.com\/wp-content\/uploads\/2022\/11\/web01_2-500x500.jpg\" class=\"attachment-thumbnail size-thumbnail wp-image-5897\" alt=\"\" \/><\/div><\/a>\n\t\t\t\t<div class=\"elementor-post__text\">\n\t\t\t\t<div class=\"elementor-post__title\">\n\t\t\t<a href=\"https:\/\/zopadesign.com\/en\/blog\/stastne-a-bezpecne-aneb-jak-na-vanocni-pripravy-s-nejmensimi\/\" >\n\t\t\t\t\u0160\u0165astn\u00e9 a bezpe\u010dn\u00e9, aneb jak na v\u00e1no\u010dn\u00ed p\u0159\u00edpravy s nejmen\u0161\u00edmi\t\t\t<\/a>\n\t\t<\/div>\n\t\t\t\t<div class=\"elementor-post__excerpt\">\n\t\t\t<p>V\u00e1no\u010dn\u00ed \u00faklid, zdoben\u00ed strome\u010dku, pe\u010den\u00ed cukrov\u00ed \u010di chyst\u00e1n\u00ed \u0161t\u011bdrove\u010dern\u00ed ve\u010de\u0159e, i kdybychom cht\u011bli nem\u016f\u017eeme m\u00edt<\/p>\n\t\t<\/div>\n\t\t\n\t\t<a class=\"elementor-post__read-more\" href=\"https:\/\/zopadesign.com\/en\/blog\/stastne-a-bezpecne-aneb-jak-na-vanocni-pripravy-s-nejmensimi\/\" aria-label=\"Read more about \u0160\u0165astn\u00e9 a bezpe\u010dn\u00e9, aneb jak na v\u00e1no\u010dn\u00ed p\u0159\u00edpravy s nejmen\u0161\u00edmi\" tabindex=\"-1\" >\n\t\t\tView the article <i aria-hidden=\"true\" class=\"fas fa-angle-right\"><\/i>\t\t<\/a>\n\n\t\t\t\t<\/div>\n\t\t\t\t\t<\/div>\n\t\t<\/article>\n\t\t\t\t<article class=\"elementor-post elementor-grid-item post-8320 post type-post status-publish format-standard has-post-thumbnail hentry category-batole category-dite category-kojenec\" role=\"listitem\">\n\t\t\t<div class=\"elementor-post__card\">\n\t\t\t\t<a class=\"elementor-post__thumbnail__link\" href=\"https:\/\/zopadesign.com\/en\/blog\/najdete-ten-pravy-darek-inspirace-z-jeziskovi-dilny\/\" tabindex=\"-1\" ><div class=\"elementor-post__thumbnail\"><img loading=\"lazy\" decoding=\"async\" width=\"500\" height=\"500\" src=\"https:\/\/zopadesign.com\/wp-content\/uploads\/2023\/11\/2023_zopa_blog_vanoce-drevo-500x500.jpg\" class=\"attachment-thumbnail size-thumbnail wp-image-8321\" alt=\"\" \/><\/div><\/a>\n\t\t\t\t<div class=\"elementor-post__text\">\n\t\t\t\t<div class=\"elementor-post__title\">\n\t\t\t<a href=\"https:\/\/zopadesign.com\/en\/blog\/najdete-ten-pravy-darek-inspirace-z-jeziskovi-dilny\/\" >\n\t\t\t\tNajd\u011bte ten prav\u00fd d\u00e1rek: Inspirace z Je\u017e\u00ed\u0161kovy d\u00edlny\t\t\t<\/a>\n\t\t<\/div>\n\t\t\t\t<div class=\"elementor-post__excerpt\">\n\t\t\t<p>P\u0159ich\u00e1z\u00ed \u010das V\u00e1noc a s n\u00edm i vyb\u00edr\u00e1n\u00ed v\u00e1no\u010dn\u00edch d\u00e1rk\u016f pro va\u0161e nejmen\u0161\u00ed. Pokud hled\u00e1te<\/p>\n\t\t<\/div>\n\t\t\n\t\t<a class=\"elementor-post__read-more\" href=\"https:\/\/zopadesign.com\/en\/blog\/najdete-ten-pravy-darek-inspirace-z-jeziskovi-dilny\/\" aria-label=\"Read more about Najd\u011bte ten prav\u00fd d\u00e1rek: Inspirace z Je\u017e\u00ed\u0161kovy d\u00edlny\" tabindex=\"-1\" >\n\t\t\tView the article <i aria-hidden=\"true\" class=\"fas fa-angle-right\"><\/i>\t\t<\/a>\n\n\t\t\t\t<\/div>\n\t\t\t\t\t<\/div>\n\t\t<\/article>\n\t\t\t\t<article class=\"elementor-post elementor-grid-item post-8257 post type-post status-publish format-standard has-post-thumbnail hentry category-batole category-kojenec\" role=\"listitem\">\n\t\t\t<div class=\"elementor-post__card\">\n\t\t\t\t<a class=\"elementor-post__thumbnail__link\" href=\"https:\/\/zopadesign.com\/en\/blog\/8257-2\/\" tabindex=\"-1\" ><div class=\"elementor-post__thumbnail\"><img loading=\"lazy\" decoding=\"async\" width=\"500\" height=\"500\" src=\"https:\/\/zopadesign.com\/wp-content\/uploads\/2023\/10\/blog_zopa_Monti2_1300x800-500x500.jpg\" class=\"attachment-thumbnail size-thumbnail wp-image-8260\" alt=\"\" \/><\/div><\/a>\n\t\t\t\t<div class=\"elementor-post__text\">\n\t\t\t\t<div class=\"elementor-post__title\">\n\t\t\t<a href=\"https:\/\/zopadesign.com\/en\/blog\/8257-2\/\" >\n\t\t\t\tD\u011btsk\u00e9 j\u00eddeln\u00ed \u017eidli\u010dky: Kl\u00ed\u010d k pohodln\u00e9mu stolov\u00e1n\u00ed\t\t\t<\/a>\n\t\t<\/div>\n\t\t\t\t<div class=\"elementor-post__excerpt\">\n\t\t\t<p>Stolov\u00e1n\u00ed s mal\u00fdmi d\u011btmi m\u016f\u017ee b\u00fdt v\u00fdzvou, ale s dobr\u00fdmi n\u00e1stroji a strategiemi se m\u016f\u017ee<\/p>\n\t\t<\/div>\n\t\t\n\t\t<a class=\"elementor-post__read-more\" href=\"https:\/\/zopadesign.com\/en\/blog\/8257-2\/\" aria-label=\"Read more about D\u011btsk\u00e9 j\u00eddeln\u00ed \u017eidli\u010dky: Kl\u00ed\u010d k pohodln\u00e9mu stolov\u00e1n\u00ed\" tabindex=\"-1\" >\n\t\t\tView the article <i aria-hidden=\"true\" class=\"fas fa-angle-right\"><\/i>\t\t<\/a>\n\n\t\t\t\t<\/div>\n\t\t\t\t\t<\/div>\n\t\t<\/article>\n\t\t\t\t<\/div>\n\t\t\n\t\t\t\t<div class=\"e-load-more-anchor\" data-page=\"1\" data-max-page=\"3\" data-next-page=\"https:\/\/zopadesign.com\/wp-json\/wp\/v2\/pages\/936\/page\/2\/\"><\/div>\n\t\t\t\t<nav class=\"elementor-pagination\" aria-label=\"Pagination\">\n\t\t\t<span aria-current=\"page\" class=\"page-numbers current\"><span class=\"elementor-screen-only\">Page<\/span>1<\/span>\n<a class=\"page-numbers\" href=\"https:\/\/zopadesign.com\/wp-json\/wp\/v2\/pages\/936\/page\/2\/\"><span class=\"elementor-screen-only\">Page<\/span>2<\/a>\n<a class=\"page-numbers\" href=\"https:\/\/zopadesign.com\/wp-json\/wp\/v2\/pages\/936\/page\/3\/\"><span class=\"elementor-screen-only\">Page<\/span>3<\/a>\t\t<\/nav>\n\t\t\t\t\t\t<\/div>\n\t\t\t\t<\/div>\n\t\t\t\t\t<\/div>\n\t\t<\/div>\n\t\t\t\t\t<\/div>\n\t\t<\/section>\n\t\t\t\t<\/div>","protected":false},"excerpt":{"rendered":"<p>Batole Kategorie V\u0161echny \u010dl\u00e1nkyAktualityBatoleD\u00edt\u011bKojenecT\u011bhotenstv\u00ed<\/p>","protected":false},"author":1,"featured_media":0,"parent":0,"menu_order":0,"comment_status":"closed","ping_status":"closed","template":"","meta":{"_acf_changed":false,"footnotes":""},"class_list":["post-936","page","type-page","status-publish","hentry"],"acf":[],"_links":{"self":[{"href":"https:\/\/zopadesign.com\/en\/wp-json\/wp\/v2\/pages\/936","targetHints":{"allow":["GET"]}}],"collection":[{"href":"https:\/\/zopadesign.com\/en\/wp-json\/wp\/v2\/pages"}],"about":[{"href":"https:\/\/zopadesign.com\/en\/wp-json\/wp\/v2\/types\/page"}],"author":[{"embeddable":true,"href":"https:\/\/zopadesign.com\/en\/wp-json\/wp\/v2\/users\/1"}],"replies":[{"embeddable":true,"href":"https:\/\/zopadesign.com\/en\/wp-json\/wp\/v2\/comments?post=936"}],"version-history":[{"count":18,"href":"https:\/\/zopadesign.com\/en\/wp-json\/wp\/v2\/pages\/936\/revisions"}],"predecessor-version":[{"id":6785,"href":"https:\/\/zopadesign.com\/en\/wp-json\/wp\/v2\/pages\/936\/revisions\/6785"}],"wp:attachment":[{"href":"https:\/\/zopadesign.com\/en\/wp-json\/wp\/v2\/media?parent=936"}],"curies":[{"name":"wp","href":"https:\/\/api.w.org\/{rel}","templated":true}]}}