{"id":161,"date":"2022-04-03T13:24:04","date_gmt":"2022-04-03T11:24:04","guid":{"rendered":"https:\/\/zopadesign.com\/?page_id=161"},"modified":"2025-06-23T09:00:50","modified_gmt":"2025-06-23T07:00:50","slug":"uvod","status":"publish","type":"page","link":"https:\/\/zopadesign.com\/cs\/uvod\/","title":{"rendered":"\u00davod"},"content":{"rendered":"\t\t<div data-elementor-type=\"wp-page\" data-elementor-id=\"161\" class=\"elementor elementor-161\" data-elementor-post-type=\"page\">\n\t\t\t\t\t\t<section class=\"elementor-section elementor-top-section elementor-element elementor-element-239de8b elementor-section-full_width elementor-section-height-min-height elementor-section-height-default elementor-section-items-middle\" data-id=\"239de8b\" data-element_type=\"section\" data-settings=\"{&quot;background_background&quot;:&quot;slideshow&quot;,&quot;background_slideshow_gallery&quot;:[],&quot;background_slideshow_loop&quot;:&quot;yes&quot;,&quot;background_slideshow_slide_duration&quot;:5000,&quot;background_slideshow_slide_transition&quot;:&quot;fade&quot;,&quot;background_slideshow_transition_duration&quot;:500}\">\n\t\t\t\t\t\t<div class=\"elementor-container elementor-column-gap-default\">\n\t\t\t\t\t<div class=\"elementor-column elementor-col-100 elementor-top-column elementor-element elementor-element-566b6a3\" data-id=\"566b6a3\" data-element_type=\"column\">\n\t\t\t<div class=\"elementor-widget-wrap elementor-element-populated\">\n\t\t\t\t\t\t<div class=\"elementor-element elementor-element-b7fb57f elementor-widget elementor-widget-image\" data-id=\"b7fb57f\" data-element_type=\"widget\" data-widget_type=\"image.default\">\n\t\t\t\t<div class=\"elementor-widget-container\">\n\t\t\t\t\t\t\t\t\t\t\t\t\t\t\t\t<a href=\"https:\/\/zopadesign.com\/cs\/produkt\/sportovni-kocarek-jet\/\">\n\t\t\t\t\t\t\t<img fetchpriority=\"high\" decoding=\"async\" width=\"1617\" height=\"617\" src=\"https:\/\/zopadesign.com\/wp-content\/uploads\/2025\/06\/Zopa_Jet_HP_1600-x-600.jpg\" class=\"attachment-full size-full wp-image-13162\" alt=\"\" srcset=\"https:\/\/zopadesign.com\/wp-content\/uploads\/2025\/06\/Zopa_Jet_HP_1600-x-600.jpg 1617w, https:\/\/zopadesign.com\/wp-content\/uploads\/2025\/06\/Zopa_Jet_HP_1600-x-600-700x267.jpg 700w, https:\/\/zopadesign.com\/wp-content\/uploads\/2025\/06\/Zopa_Jet_HP_1600-x-600-1024x391.jpg 1024w, https:\/\/zopadesign.com\/wp-content\/uploads\/2025\/06\/Zopa_Jet_HP_1600-x-600-768x293.jpg 768w, https:\/\/zopadesign.com\/wp-content\/uploads\/2025\/06\/Zopa_Jet_HP_1600-x-600-1536x586.jpg 1536w, https:\/\/zopadesign.com\/wp-content\/uploads\/2025\/06\/Zopa_Jet_HP_1600-x-600-18x7.jpg 18w\" sizes=\"(max-width: 1617px) 100vw, 1617px\" \/>\t\t\t\t\t\t\t\t<\/a>\n\t\t\t\t\t\t\t\t\t\t\t\t\t\t\t<\/div>\n\t\t\t\t<\/div>\n\t\t\t\t<div class=\"elementor-element elementor-element-907b08e elementor-widget elementor-widget-image\" data-id=\"907b08e\" data-element_type=\"widget\" data-no-translation=\"\" data-widget_type=\"image.default\">\n\t\t\t\t<div class=\"elementor-widget-container\">\n\t\t\t\t\t<style>.elementor-element-907b08e{display:none !important}<\/style>\t\t\t\t<\/div>\n\t\t\t\t<\/div>\n\t\t\t\t\t<\/div>\n\t\t<\/div>\n\t\t\t\t\t<\/div>\n\t\t<\/section>\n\t\t\t\t<section class=\"elementor-section elementor-top-section elementor-element elementor-element-3718c87 elementor-section-stretched elementor-section-boxed elementor-section-height-default elementor-section-height-default\" data-id=\"3718c87\" data-element_type=\"section\" data-settings=\"{&quot;stretch_section&quot;:&quot;section-stretched&quot;,&quot;background_background&quot;:&quot;classic&quot;}\">\n\t\t\t\t\t\t<div class=\"elementor-container elementor-column-gap-default\">\n\t\t\t\t\t<div class=\"elementor-column elementor-col-50 elementor-top-column elementor-element elementor-element-abe8274\" data-id=\"abe8274\" data-element_type=\"column\">\n\t\t\t<div class=\"elementor-widget-wrap elementor-element-populated\">\n\t\t\t\t\t\t<div class=\"elementor-element elementor-element-7074b00 elementor-widget elementor-widget-image\" data-id=\"7074b00\" data-element_type=\"widget\" data-widget_type=\"image.default\">\n\t\t\t\t<div class=\"elementor-widget-container\">\n\t\t\t\t\t\t\t\t\t\t\t\t\t\t\t\t<a href=\"https:\/\/zopadesign.com\/cs\/produkt\/sportovni-kocarek-move-cross-5\/\">\n\t\t\t\t\t\t\t<img decoding=\"async\" width=\"800\" height=\"574\" src=\"https:\/\/zopadesign.com\/wp-content\/uploads\/2025\/06\/Move-Cross-5_1458-x-1042-1024x735.jpg\" class=\"attachment-large size-large wp-image-13165\" alt=\"\" srcset=\"https:\/\/zopadesign.com\/wp-content\/uploads\/2025\/06\/Move-Cross-5_1458-x-1042-1024x735.jpg 1024w, https:\/\/zopadesign.com\/wp-content\/uploads\/2025\/06\/Move-Cross-5_1458-x-1042-700x503.jpg 700w, https:\/\/zopadesign.com\/wp-content\/uploads\/2025\/06\/Move-Cross-5_1458-x-1042-768x551.jpg 768w, https:\/\/zopadesign.com\/wp-content\/uploads\/2025\/06\/Move-Cross-5_1458-x-1042-18x12.jpg 18w, https:\/\/zopadesign.com\/wp-content\/uploads\/2025\/06\/Move-Cross-5_1458-x-1042.jpg 1475w\" sizes=\"(max-width: 800px) 100vw, 800px\" \/>\t\t\t\t\t\t\t\t<\/a>\n\t\t\t\t\t\t\t\t\t\t\t\t\t\t\t<\/div>\n\t\t\t\t<\/div>\n\t\t\t\t<div class=\"elementor-element elementor-element-8c003a1 elementor-widget elementor-widget-heading\" data-id=\"8c003a1\" data-element_type=\"widget\" data-widget_type=\"heading.default\">\n\t\t\t\t<div class=\"elementor-widget-container\">\n\t\t\t\t\t<div class=\"elementor-heading-title elementor-size-default\">Move Cross 5<\/div>\t\t\t\t<\/div>\n\t\t\t\t<\/div>\n\t\t\t\t<div class=\"elementor-element elementor-element-df70cae elementor-widget elementor-widget-text-editor\" data-id=\"df70cae\" data-element_type=\"widget\" data-widget_type=\"text-editor.default\">\n\t\t\t\t<div class=\"elementor-widget-container\">\n\t\t\t\t\t\t\t\t\t<p>Pro d\u011bti od 6 m\u011bs\u00edc\u016f do 22 kg<\/p>\t\t\t\t\t\t\t\t<\/div>\n\t\t\t\t<\/div>\n\t\t\t\t<div class=\"elementor-element elementor-element-d2006e1 elementor-widget elementor-widget-button\" data-id=\"d2006e1\" data-element_type=\"widget\" data-widget_type=\"button.default\">\n\t\t\t\t<div class=\"elementor-widget-container\">\n\t\t\t\t\t\t\t\t\t<div class=\"elementor-button-wrapper\">\n\t\t\t\t\t<a class=\"elementor-button elementor-button-link elementor-size-sm\" href=\"https:\/\/zopadesign.com\/cs\/produkt\/sportovni-kocarek-move-cross-5\/\">\n\t\t\t\t\t\t<span class=\"elementor-button-content-wrapper\">\n\t\t\t\t\t\t<span class=\"elementor-button-icon\">\n\t\t\t\t<i aria-hidden=\"true\" class=\"fas fa-angle-right\"><\/i>\t\t\t<\/span>\n\t\t\t\t\t\t\t\t\t<span class=\"elementor-button-text\">V\u00edce informac\u00ed<\/span>\n\t\t\t\t\t<\/span>\n\t\t\t\t\t<\/a>\n\t\t\t\t<\/div>\n\t\t\t\t\t\t\t\t<\/div>\n\t\t\t\t<\/div>\n\t\t\t\t\t<\/div>\n\t\t<\/div>\n\t\t\t\t<div class=\"elementor-column elementor-col-50 elementor-top-column elementor-element elementor-element-e470514\" data-id=\"e470514\" data-element_type=\"column\" data-settings=\"{&quot;background_background&quot;:&quot;classic&quot;}\">\n\t\t\t<div class=\"elementor-widget-wrap elementor-element-populated\">\n\t\t\t\t\t\t<div class=\"elementor-element elementor-element-7452450 elementor-widget elementor-widget-image\" data-id=\"7452450\" data-element_type=\"widget\" data-widget_type=\"image.default\">\n\t\t\t\t<div class=\"elementor-widget-container\">\n\t\t\t\t\t\t\t\t\t\t\t\t\t\t\t\t<a href=\"https:\/\/zopadesign.com\/cs\/produkt\/trikolka-x-trike-pro\/\">\n\t\t\t\t\t\t\t<img decoding=\"async\" width=\"800\" height=\"574\" src=\"https:\/\/zopadesign.com\/wp-content\/uploads\/2025\/06\/X-Trike-Pro_1458-x-1042-1024x735.jpg\" class=\"attachment-large size-large wp-image-13164\" alt=\"\" srcset=\"https:\/\/zopadesign.com\/wp-content\/uploads\/2025\/06\/X-Trike-Pro_1458-x-1042-1024x735.jpg 1024w, https:\/\/zopadesign.com\/wp-content\/uploads\/2025\/06\/X-Trike-Pro_1458-x-1042-700x503.jpg 700w, https:\/\/zopadesign.com\/wp-content\/uploads\/2025\/06\/X-Trike-Pro_1458-x-1042-768x551.jpg 768w, https:\/\/zopadesign.com\/wp-content\/uploads\/2025\/06\/X-Trike-Pro_1458-x-1042-18x12.jpg 18w, https:\/\/zopadesign.com\/wp-content\/uploads\/2025\/06\/X-Trike-Pro_1458-x-1042.jpg 1475w\" sizes=\"(max-width: 800px) 100vw, 800px\" \/>\t\t\t\t\t\t\t\t<\/a>\n\t\t\t\t\t\t\t\t\t\t\t\t\t\t\t<\/div>\n\t\t\t\t<\/div>\n\t\t\t\t<div class=\"elementor-element elementor-element-5e0e9c5 elementor-widget elementor-widget-heading\" data-id=\"5e0e9c5\" data-element_type=\"widget\" data-widget_type=\"heading.default\">\n\t\t\t\t<div class=\"elementor-widget-container\">\n\t\t\t\t\t<div class=\"elementor-heading-title elementor-size-default\">X Trike Pro<\/div>\t\t\t\t<\/div>\n\t\t\t\t<\/div>\n\t\t\t\t<div class=\"elementor-element elementor-element-4b02afd elementor-widget elementor-widget-text-editor\" data-id=\"4b02afd\" data-element_type=\"widget\" data-widget_type=\"text-editor.default\">\n\t\t\t\t<div class=\"elementor-widget-container\">\n\t\t\t\t\t\t\t\t\t<p>Od 10 m\u011bs\u00edc\u016f do 4 let<\/p>\t\t\t\t\t\t\t\t<\/div>\n\t\t\t\t<\/div>\n\t\t\t\t<div class=\"elementor-element elementor-element-8830b3e elementor-widget elementor-widget-button\" data-id=\"8830b3e\" data-element_type=\"widget\" data-widget_type=\"button.default\">\n\t\t\t\t<div class=\"elementor-widget-container\">\n\t\t\t\t\t\t\t\t\t<div class=\"elementor-button-wrapper\">\n\t\t\t\t\t<a class=\"elementor-button elementor-button-link elementor-size-sm\" href=\"https:\/\/zopadesign.com\/cs\/produkt\/trikolka-x-trike-pro\/\">\n\t\t\t\t\t\t<span class=\"elementor-button-content-wrapper\">\n\t\t\t\t\t\t<span class=\"elementor-button-icon\">\n\t\t\t\t<i aria-hidden=\"true\" class=\"fas fa-angle-right\"><\/i>\t\t\t<\/span>\n\t\t\t\t\t\t\t\t\t<span class=\"elementor-button-text\">V\u00edce informac\u00ed<\/span>\n\t\t\t\t\t<\/span>\n\t\t\t\t\t<\/a>\n\t\t\t\t<\/div>\n\t\t\t\t\t\t\t\t<\/div>\n\t\t\t\t<\/div>\n\t\t\t\t\t<\/div>\n\t\t<\/div>\n\t\t\t\t\t<\/div>\n\t\t<\/section>\n\t\t\t\t<section class=\"elementor-section elementor-top-section elementor-element elementor-element-7742c61 elementor-section-boxed elementor-section-height-default elementor-section-height-default\" data-id=\"7742c61\" data-element_type=\"section\" data-no-translation=\"\">\n\t\t\t\t\t\t<div class=\"elementor-container elementor-column-gap-default\">\n\t\t\t\t\t<div class=\"elementor-column elementor-col-100 elementor-top-column elementor-element elementor-element-8eee73e\" data-id=\"8eee73e\" data-element_type=\"column\">\n\t\t\t<div class=\"elementor-widget-wrap elementor-element-populated\">\n\t\t\t\t\t\t<div class=\"elementor-element elementor-element-c5bcb46 elementor-widget elementor-widget-heading\" data-id=\"c5bcb46\" data-element_type=\"widget\" data-widget_type=\"heading.default\">\n\t\t\t\t<div class=\"elementor-widget-container\">\n\t\t\t\t\t<div class=\"elementor-heading-title elementor-size-default\">BLOG<\/div>\t\t\t\t<\/div>\n\t\t\t\t<\/div>\n\t\t\t\t<div class=\"elementor-element elementor-element-7296225 elementor-widget elementor-widget-zopa-blog\" data-id=\"7296225\" data-element_type=\"widget\" data-widget_type=\"zopa-blog.default\">\n\t\t\t\t<div class=\"elementor-widget-container\">\n\t\t\t\t\t<div class=\"row\"><div class=\"col-12 col-md-4 mb-3\"><div class=\"zp-blog_item\"><a class=\"image\" href=\"https:\/\/zopadesign.com\/cs\/blog\/nova-trikolka-x-trike-pro-dobrodruzstvi-na-trech-kolech-zacina\/\"><img decoding=\"async\" src=\"https:\/\/zopadesign.com\/wp-content\/uploads\/2025\/03\/x-trike-pro-500x500.jpg\" \/><\/a><div class=\"inner\"><a class=\"title d-block mb-3\" href=\"https:\/\/zopadesign.com\/cs\/blog\/nova-trikolka-x-trike-pro-dobrodruzstvi-na-trech-kolech-zacina\/\">Nov\u00e1 t\u0159\u00edkolka X Trike Pro: Dobrodru\u017estv\u00ed na t\u0159ech kolech za\u010d\u00edn\u00e1<\/a><p class=\"excerpt\">Zapome\u0148te na volbu mezi prakti\u010dnost\u00ed, z\u00e1bavou a stylov\u00fdm designem \u2013 X Trike Pro otev\u00edr\u00e1 nov\u00e9 mo\u017enosti d\u011btsk\u00fdch vyj\u00ed\u017ed\u011bk! Tato multifunk\u010dn\u00ed t\u0159\u00edkolka nen\u00ed jen dopravn\u00edm prost\u0159edkem pro va\u0161eho mal\u00e9ho \u0159idi\u010de, ale kl\u00ed\u010dem k prvn\u00edm velk\u00fdm objev\u016fm, radosti z pohybu a nezapomenuteln\u00fdm z\u00e1\u017eitk\u016fm. Poj\u010fte zjistit, pro\u010d si ji vy i va\u0161e d\u00edt\u011b zamilujete a jak\u00e1 vylep\u0161en\u00ed p\u0159in\u00e1\u0161\u00ed. [&hellip;]<\/p><div class=\"button-holder\"><a href=\"https:\/\/zopadesign.com\/cs\/blog\/nova-trikolka-x-trike-pro-dobrodruzstvi-na-trech-kolech-zacina\/\" class=\"zp-btn zp-btn-primary\" role=\"button\">\n\t\t\t\t\t\t\tZobrazit \u010dl\u00e1nek&nbsp;\n\t\t\t\t\t\t\t<i aria-hidden=\"true\" class=\"fas fa-angle-right\"><\/i>\n\t\t\t\t\t\t<\/a><\/div><\/div><\/div><\/div><div class=\"col-12 col-md-4 mb-3\"><div class=\"zp-blog_item\"><a class=\"image\" href=\"https:\/\/zopadesign.com\/cs\/blog\/rozzarte-kazdy-okamzik-se-silikonovymi-svetylky\/\"><img decoding=\"async\" src=\"https:\/\/zopadesign.com\/wp-content\/uploads\/2025\/01\/ZOP086666-1-500x500.jpg\" \/><\/a><div class=\"inner\"><a class=\"title d-block mb-3\" href=\"https:\/\/zopadesign.com\/cs\/blog\/rozzarte-kazdy-okamzik-se-silikonovymi-svetylky\/\">Rozza\u0159te ka\u017ed\u00fd okam\u017eik se silikonov\u00fdmi sv\u011bt\u00fdlky<\/a><p class=\"excerpt\">Ka\u017ed\u00fd d\u011btsk\u00fd pokoj je jin\u00fd, ale v\u0161echny spojuje jedno \u2013 je to m\u00edsto pln\u00e9 nezapomenuteln\u00fdch okam\u017eik\u016f. A co kdy\u017e by na\u0161e sv\u011bt\u00fdlka mohla b\u00fdt jejich sou\u010d\u00e1st\u00ed?\u00a0 &nbsp; Pocit jistoty od prvn\u00edch dn\u016f Na\u0161e silikonov\u00e1 sv\u011bt\u00fdlka prov\u00e1zej\u00ed d\u011b\u0165\u00e1tko od prvn\u00edch okam\u017eik\u016f \u017eivota. Jemn\u011b proz\u00e1\u0159\u00ed m\u00edstnost p\u0159i no\u010dn\u00edm krmen\u00ed, p\u0159ebalov\u00e1n\u00ed i usp\u00e1v\u00e1n\u00ed. A jakmile povyroste, stane se [&hellip;]<\/p><div class=\"button-holder\"><a href=\"https:\/\/zopadesign.com\/cs\/blog\/rozzarte-kazdy-okamzik-se-silikonovymi-svetylky\/\" class=\"zp-btn zp-btn-primary\" role=\"button\">\n\t\t\t\t\t\t\tZobrazit \u010dl\u00e1nek&nbsp;\n\t\t\t\t\t\t\t<i aria-hidden=\"true\" class=\"fas fa-angle-right\"><\/i>\n\t\t\t\t\t\t<\/a><\/div><\/div><\/div><\/div><div class=\"col-12 col-md-4 mb-3\"><div class=\"zp-blog_item\"><a class=\"image\" href=\"https:\/\/zopadesign.com\/cs\/blog\/vanoce-plne-fantazie-darky-ktere-prinesou-radost-i-zabavu\/\"><img decoding=\"async\" src=\"https:\/\/zopadesign.com\/wp-content\/uploads\/2024\/12\/vanocni_tipy_od_zopa-500x500.jpg\" \/><\/a><div class=\"inner\"><a class=\"title d-block mb-3\" href=\"https:\/\/zopadesign.com\/cs\/blog\/vanoce-plne-fantazie-darky-ktere-prinesou-radost-i-zabavu\/\">V\u00e1noce pln\u00e9 fantazie: D\u00e1rky, kter\u00e9 p\u0159inesou radost i z\u00e1bavu<\/a><p class=\"excerpt\">V\u00e1noce u\u017e pomalu klepou na dve\u0159e, proto jsme pro v\u00e1s p\u0159ipravili v\u00fdb\u011br t\u011bch nejobl\u00edben\u011bj\u0161\u00edch hra\u010dek od ZOPA, kter\u00e9 zaru\u010den\u011b vykouzl\u00ed \u00fasm\u011bv na tv\u00e1\u0159i ka\u017ed\u00e9ho mal\u00e9ho dobrodruha. A\u0165 u\u017e hled\u00e1te n\u011bco kreativn\u00edho, z\u00e1bavn\u00e9ho nebo edukativn\u00edho, v na\u0161\u00ed nab\u00eddce najdete tipy na d\u00e1rky, kter\u00e9 pot\u011b\u0161\u00ed ka\u017ed\u00e9 d\u00edt\u011b a z\u00e1rove\u0148 p\u0159inesou radost cel\u00e9 rodin\u011b. P\u0159ipravte se na V\u00e1noce [&hellip;]<\/p><div class=\"button-holder\"><a href=\"https:\/\/zopadesign.com\/cs\/blog\/vanoce-plne-fantazie-darky-ktere-prinesou-radost-i-zabavu\/\" class=\"zp-btn zp-btn-primary\" role=\"button\">\n\t\t\t\t\t\t\tZobrazit \u010dl\u00e1nek&nbsp;\n\t\t\t\t\t\t\t<i aria-hidden=\"true\" class=\"fas fa-angle-right\"><\/i>\n\t\t\t\t\t\t<\/a><\/div><\/div><\/div><\/div><\/div>\t\t\t\t<\/div>\n\t\t\t\t<\/div>\n\t\t\t\t<div class=\"elementor-element elementor-element-1f3a2d0 elementor-align-center zp-btn elementor-widget elementor-widget-button\" data-id=\"1f3a2d0\" data-element_type=\"widget\" data-widget_type=\"button.default\">\n\t\t\t\t<div class=\"elementor-widget-container\">\n\t\t\t\t\t\t\t\t\t<div class=\"elementor-button-wrapper\">\n\t\t\t\t\t<a class=\"elementor-button elementor-button-link elementor-size-md\" href=\"\/cs\/blog\/\">\n\t\t\t\t\t\t<span class=\"elementor-button-content-wrapper\">\n\t\t\t\t\t\t\t\t\t<span class=\"elementor-button-text\">V\u0161echny \u010dl\u00e1nky<\/span>\n\t\t\t\t\t<\/span>\n\t\t\t\t\t<\/a>\n\t\t\t\t<\/div>\n\t\t\t\t\t\t\t\t<\/div>\n\t\t\t\t<\/div>\n\t\t\t\t\t<\/div>\n\t\t<\/div>\n\t\t\t\t\t<\/div>\n\t\t<\/section>\n\t\t\t\t<section class=\"elementor-section elementor-top-section elementor-element elementor-element-f4936da zp-subForm elementor-section-boxed elementor-section-height-default elementor-section-height-default\" data-id=\"f4936da\" data-element_type=\"section\" data-settings=\"{&quot;background_background&quot;:&quot;classic&quot;}\">\n\t\t\t\t\t\t<div class=\"elementor-container elementor-column-gap-default\">\n\t\t\t\t\t<div class=\"elementor-column elementor-col-100 elementor-top-column elementor-element elementor-element-c5cffec\" data-id=\"c5cffec\" data-element_type=\"column\" data-settings=\"{&quot;background_background&quot;:&quot;classic&quot;}\">\n\t\t\t<div class=\"elementor-widget-wrap elementor-element-populated\">\n\t\t\t\t\t\t<div class=\"elementor-element elementor-element-9a22695 elementor-widget elementor-widget-heading\" data-id=\"9a22695\" data-element_type=\"widget\" data-widget_type=\"heading.default\">\n\t\t\t\t<div class=\"elementor-widget-container\">\n\t\t\t\t\t<div class=\"elementor-heading-title elementor-size-default\">ODB\u011aR NOVINEK<\/div>\t\t\t\t<\/div>\n\t\t\t\t<\/div>\n\t\t\t\t<div class=\"elementor-element elementor-element-1bda6ae text-center elementor-widget elementor-widget-text-editor\" data-id=\"1bda6ae\" data-element_type=\"widget\" data-widget_type=\"text-editor.default\">\n\t\t\t\t<div class=\"elementor-widget-container\">\n\t\t\t\t\t\t\t\t\t<p style=\"margin:0 auto;max-width:640px;text-align: center;\">Dost\u00e1vejte pravideln\u011b novinky ze sv\u011bta d\u011btsk\u00fdch produkt\u016f. P\u0159ihlaste se k odb\u011bru newsletteru a u\u017e v\u00e1m nikdy neute\u010dou chystan\u00e9 akce, slevy ani sout\u011b\u017ee.<\/p>\t\t\t\t\t\t\t\t<\/div>\n\t\t\t\t<\/div>\n\t\t\t\t<div class=\"elementor-element elementor-element-4a0143e elementor-widget elementor-widget-text-editor\" data-id=\"4a0143e\" data-element_type=\"widget\" data-widget_type=\"text-editor.default\">\n\t\t\t\t<div class=\"elementor-widget-container\">\n\t\t\t\t\t\t\t\t\t<p>\n<div class=\"wpcf7 no-js\" id=\"wpcf7-f224-o1\" lang=\"cs-CZ\" dir=\"ltr\" data-wpcf7-id=\"224\">\n<div class=\"screen-reader-response\"><p role=\"status\" aria-live=\"polite\" aria-atomic=\"true\"><\/p> <ul><\/ul><\/div>\n<form action=\"\/cs\/wp-json\/wp\/v2\/pages\/161#wpcf7-f224-o1\" method=\"post\" class=\"wpcf7-form init\" aria-label=\"Kontaktn\u00ed formul\u00e1\u0159\" novalidate=\"novalidate\" data-status=\"init\">\n<div style=\"display: none;\">\n<input type=\"hidden\" name=\"_wpcf7\" value=\"224\" \/>\n<input type=\"hidden\" name=\"_wpcf7_version\" value=\"6.0.1\" \/>\n<input type=\"hidden\" name=\"_wpcf7_locale\" value=\"cs_CZ\" \/>\n<input type=\"hidden\" name=\"_wpcf7_unit_tag\" value=\"wpcf7-f224-o1\" \/>\n<input type=\"hidden\" name=\"_wpcf7_container_post\" value=\"0\" \/>\n<input type=\"hidden\" name=\"_wpcf7_posted_data_hash\" value=\"\" \/>\n<input type=\"hidden\" name=\"_wpcf7_recaptcha_response\" value=\"\" \/>\n<\/div>\n<div class=\"row align-items-center justify-content-center\">\n\t<div class=\"col-md-6 col-lg-4 col-xl-3\">\n\t\t<p><span class=\"wpcf7-form-control-wrap\" data-name=\"email\"><input size=\"40\" maxlength=\"400\" class=\"wpcf7-form-control wpcf7-email wpcf7-validates-as-required wpcf7-text wpcf7-validates-as-email\" aria-required=\"true\" aria-invalid=\"false\" placeholder=\"V\u00e1\u0161 e-mail*\" value=\"\" type=\"email\" name=\"email\" \/><\/span>\n\t\t<\/p>\n\t<\/div>\n\t<div class=\"col-md-6 col-lg-3 col-xl-2\">\n\t\t<p><input class=\"wpcf7-form-control wpcf7-submit has-spinner\" type=\"submit\" value=\"Odeb\u00edrat\" \/>\n\t\t<\/p>\n\t<\/div>\n<\/div>\n<div class=\"text-center\">\n\t<p><span class=\"wpcf7-form-control-wrap\" data-name=\"agree\"><span class=\"wpcf7-form-control wpcf7-checkbox\"><span class=\"wpcf7-list-item first last\"><label><input type=\"checkbox\" name=\"agree[]\" value=\"Odesl\u00e1n\u00edm souhlas\u00edte s podm\u00ednkami ochrany osobn\u00edch \u00fadaj\u016f\" \/><span class=\"wpcf7-list-item-label\">Odesl\u00e1n\u00edm souhlas\u00edte s podm\u00ednkami ochrany osobn\u00edch \u00fadaj\u016f<\/span><\/label><\/span><\/span><\/span>\n\t<\/p>\n<\/div><div class=\"wpcf7-response-output\" aria-hidden=\"true\"><\/div>\n<\/form>\n<\/div>\n<\/p>\t\t\t\t\t\t\t\t<\/div>\n\t\t\t\t<\/div>\n\t\t\t\t\t<\/div>\n\t\t<\/div>\n\t\t\t\t\t<\/div>\n\t\t<\/section>\n\t\t\t\t<\/div>\n\t\t","protected":false},"excerpt":{"rendered":"<p>Move Cross 5 Pro d\u011bti od 6 m\u011bs\u00edc\u016f do 22 kg V\u00edce informac\u00ed X Trike Pro Od 10 m\u011bs\u00edc\u016f do 4 let V\u00edce informac\u00ed Move Cross 5 For children from 6 months up to 22 kg More information X Trike Pro From birth to 22 kg. More information BLOG Nov\u00e1 t\u0159\u00edkolka X Trike Pro: Dobrodru\u017estv\u00ed [&hellip;]<\/p>\n","protected":false},"author":1,"featured_media":0,"parent":0,"menu_order":0,"comment_status":"closed","ping_status":"closed","template":"","meta":{"_acf_changed":false,"footnotes":""},"class_list":["post-161","page","type-page","status-publish","hentry"],"acf":[],"_links":{"self":[{"href":"https:\/\/zopadesign.com\/cs\/wp-json\/wp\/v2\/pages\/161","targetHints":{"allow":["GET"]}}],"collection":[{"href":"https:\/\/zopadesign.com\/cs\/wp-json\/wp\/v2\/pages"}],"about":[{"href":"https:\/\/zopadesign.com\/cs\/wp-json\/wp\/v2\/types\/page"}],"author":[{"embeddable":true,"href":"https:\/\/zopadesign.com\/cs\/wp-json\/wp\/v2\/users\/1"}],"replies":[{"embeddable":true,"href":"https:\/\/zopadesign.com\/cs\/wp-json\/wp\/v2\/comments?post=161"}],"version-history":[{"count":565,"href":"https:\/\/zopadesign.com\/cs\/wp-json\/wp\/v2\/pages\/161\/revisions"}],"predecessor-version":[{"id":13178,"href":"https:\/\/zopadesign.com\/cs\/wp-json\/wp\/v2\/pages\/161\/revisions\/13178"}],"wp:attachment":[{"href":"https:\/\/zopadesign.com\/cs\/wp-json\/wp\/v2\/media?parent=161"}],"curies":[{"name":"wp","href":"https:\/\/api.w.org\/{rel}","templated":true}]}}